{"id":4158,"date":"2024-12-03T00:58:02","date_gmt":"2024-12-03T00:58:02","guid":{"rendered":"https:\/\/kiohra.com\/?post_type=product&#038;p=4158"},"modified":"2025-03-30T01:08:16","modified_gmt":"2025-03-30T01:08:16","slug":"odyssee","status":"publish","type":"product","link":"https:\/\/kiohra.com\/en\/product\/odyssee\/","title":{"rendered":"Odyss\u00e9e"},"content":{"rendered":"","protected":false},"excerpt":{"rendered":"<p><span data-sheets-root=\"1\">Ce jonc refl\u00e8te le voyage unique qu&rsquo;est la vie, avec ses d\u00e9tours et ses ascensions. Il vous rappelle votre force et r\u00e9silience : lorsque vous \u00eates au creux d&rsquo;une vague d&rsquo;ennui ou de doute, vous trouvez en vous l&rsquo;\u00e9lan pour remonter \u00e0 la surface, port\u00e9e par le courant de vos r\u00e9ussites et de vos accomplissements. <strong>Odyss\u00e9e <\/strong>symbolise cette pers\u00e9v\u00e9rance.<\/span><\/p>\n<p><strong>Mat\u00e9riau :<\/strong> Acier inoxydable<br \/>\n<strong>Couleur :<\/strong> Or<br \/>\n<strong>Fermoir :<\/strong> Syst\u00e8me de fermeture discret par pression \u2013 une encoche permet de refermer le jonc en un seul geste. Il s&#8217;embo\u00eete fermement pour assurer confort et s\u00e9curit\u00e9 tout au long de la journ\u00e9e.<br \/>\n<strong>Gravure :<\/strong> Tous nos produits sont grav\u00e9s avec notre signature pour une touche unique et authentique.<br \/>\n<strong>R\u00e9sistance :<\/strong> R\u00e9siste \u00e0 l\u2019eau et ne ternit pas au contact de l\u2019humidit\u00e9.<\/p>","protected":false},"featured_media":4167,"comment_status":"closed","ping_status":"closed","template":"","meta":[],"etheme_brands":[],"product_brand":[],"product_cat":[41],"product_tag":[],"class_list":{"0":"post-4158","1":"product","2":"type-product","3":"status-publish","4":"has-post-thumbnail","6":"product_cat-ines","8":"first","9":"instock","10":"taxable","11":"shipping-taxable","12":"purchasable","13":"product-type-simple"},"_links":{"self":[{"href":"https:\/\/kiohra.com\/en\/wp-json\/wp\/v2\/product\/4158","targetHints":{"allow":["GET"]}}],"collection":[{"href":"https:\/\/kiohra.com\/en\/wp-json\/wp\/v2\/product"}],"about":[{"href":"https:\/\/kiohra.com\/en\/wp-json\/wp\/v2\/types\/product"}],"replies":[{"embeddable":true,"href":"https:\/\/kiohra.com\/en\/wp-json\/wp\/v2\/comments?post=4158"}],"version-history":[{"count":8,"href":"https:\/\/kiohra.com\/en\/wp-json\/wp\/v2\/product\/4158\/revisions"}],"predecessor-version":[{"id":4663,"href":"https:\/\/kiohra.com\/en\/wp-json\/wp\/v2\/product\/4158\/revisions\/4663"}],"wp:featuredmedia":[{"embeddable":true,"href":"https:\/\/kiohra.com\/en\/wp-json\/wp\/v2\/media\/4167"}],"wp:attachment":[{"href":"https:\/\/kiohra.com\/en\/wp-json\/wp\/v2\/media?parent=4158"}],"wp:term":[{"taxonomy":"brand","embeddable":true,"href":"https:\/\/kiohra.com\/en\/wp-json\/wp\/v2\/etheme_brands?post=4158"},{"taxonomy":"product_brand","embeddable":true,"href":"https:\/\/kiohra.com\/en\/wp-json\/wp\/v2\/product_brand?post=4158"},{"taxonomy":"product_cat","embeddable":true,"href":"https:\/\/kiohra.com\/en\/wp-json\/wp\/v2\/product_cat?post=4158"},{"taxonomy":"product_tag","embeddable":true,"href":"https:\/\/kiohra.com\/en\/wp-json\/wp\/v2\/product_tag?post=4158"}],"curies":[{"name":"wp","href":"https:\/\/api.w.org\/{rel}","templated":true}]}}