{"id":2550,"date":"2024-10-10T08:38:25","date_gmt":"2024-10-10T08:38:25","guid":{"rendered":"https:\/\/kiohra.com\/?post_type=product&#038;p=2550"},"modified":"2025-03-30T01:17:05","modified_gmt":"2025-03-30T01:17:05","slug":"jonc-fortuna","status":"publish","type":"product","link":"https:\/\/kiohra.com\/en\/product\/jonc-fortuna\/","title":{"rendered":"Fortuna"},"content":{"rendered":"","protected":false},"excerpt":{"rendered":"<p><strong>Fortuna<\/strong> \u00e9voque la chance et la prosp\u00e9rit\u00e9 \u00e0 travers ses motifs harmonieux, symbolisant des moments de r\u00e9ussite et des opportunit\u00e9s saisies. Chaque d\u00e9tail, finement travaill\u00e9, vous rappelle que la chance sourit \u00e0 ceux qui osent avancer avec confiance. En portant <strong>Fortuna<\/strong>, vous portez en vous un symbole de force et d&rsquo;audace, un compagnon fid\u00e8le dans vos moments de succ\u00e8s.<\/p>\n<p><strong>Mat\u00e9riau :<\/strong> Acier inoxydable et nacre<br \/>\n<strong>Couleur :<\/strong> Or<br \/>\n<strong>Fermoir :<\/strong> Syst\u00e8me de fermeture discret par pression \u2013 une encoche permet de refermer le jonc en un seul geste. Il s\u2019embo\u00eete fermement pour assurer confort et s\u00e9curit\u00e9 tout au long de la journ\u00e9e.<br \/>\n<strong>Gravure :<\/strong> Tous nos produits sont grav\u00e9s avec notre signature pour une touche unique et authentique.<br \/>\n<strong>R\u00e9sistance :<\/strong> R\u00e9siste \u00e0 l\u2019eau et ne ternit pas au contact de l\u2019humidit\u00e9.<\/p>","protected":false},"featured_media":2551,"comment_status":"closed","ping_status":"closed","template":"","meta":[],"etheme_brands":[],"product_brand":[],"product_cat":[42],"product_tag":[],"class_list":{"0":"post-2550","1":"product","2":"type-product","3":"status-publish","4":"has-post-thumbnail","6":"product_cat-iris","8":"first","9":"instock","10":"taxable","11":"shipping-taxable","12":"purchasable","13":"product-type-simple"},"_links":{"self":[{"href":"https:\/\/kiohra.com\/en\/wp-json\/wp\/v2\/product\/2550","targetHints":{"allow":["GET"]}}],"collection":[{"href":"https:\/\/kiohra.com\/en\/wp-json\/wp\/v2\/product"}],"about":[{"href":"https:\/\/kiohra.com\/en\/wp-json\/wp\/v2\/types\/product"}],"replies":[{"embeddable":true,"href":"https:\/\/kiohra.com\/en\/wp-json\/wp\/v2\/comments?post=2550"}],"version-history":[{"count":7,"href":"https:\/\/kiohra.com\/en\/wp-json\/wp\/v2\/product\/2550\/revisions"}],"predecessor-version":[{"id":4666,"href":"https:\/\/kiohra.com\/en\/wp-json\/wp\/v2\/product\/2550\/revisions\/4666"}],"wp:featuredmedia":[{"embeddable":true,"href":"https:\/\/kiohra.com\/en\/wp-json\/wp\/v2\/media\/2551"}],"wp:attachment":[{"href":"https:\/\/kiohra.com\/en\/wp-json\/wp\/v2\/media?parent=2550"}],"wp:term":[{"taxonomy":"brand","embeddable":true,"href":"https:\/\/kiohra.com\/en\/wp-json\/wp\/v2\/etheme_brands?post=2550"},{"taxonomy":"product_brand","embeddable":true,"href":"https:\/\/kiohra.com\/en\/wp-json\/wp\/v2\/product_brand?post=2550"},{"taxonomy":"product_cat","embeddable":true,"href":"https:\/\/kiohra.com\/en\/wp-json\/wp\/v2\/product_cat?post=2550"},{"taxonomy":"product_tag","embeddable":true,"href":"https:\/\/kiohra.com\/en\/wp-json\/wp\/v2\/product_tag?post=2550"}],"curies":[{"name":"wp","href":"https:\/\/api.w.org\/{rel}","templated":true}]}}