{"id":2546,"date":"2024-10-10T08:35:43","date_gmt":"2024-10-10T08:35:43","guid":{"rendered":"https:\/\/kiohra.com\/?post_type=product&#038;p=2546"},"modified":"2025-03-30T01:24:11","modified_gmt":"2025-03-30T01:24:11","slug":"jonc-soma","status":"publish","type":"product","link":"https:\/\/kiohra.com\/en\/product\/jonc-soma\/","title":{"rendered":"Soma"},"content":{"rendered":"","protected":false},"excerpt":{"rendered":"<p><strong>Soma<\/strong> c\u00e9l\u00e8bre l\u2019harmonie entre le corps et l&rsquo;esprit. Inspir\u00e9 par la connexion profonde que nous entretenons avec nous-m\u00eames, ce bracelet vous invite \u00e0 honorer chaque partie de vous. En portant <strong>Soma<\/strong>, vous refl\u00e9tez une harmonie parfaite et la pl\u00e9nitude qui \u00e9mane naturellement de vous.<\/p>\n<p><strong>Mat\u00e9riau :<\/strong> Acier inoxydable<br \/>\n<strong>Couleur :<\/strong> Or<br \/>\n<strong>Fermoir :<\/strong> Syst\u00e8me de fermeture discret par pression \u2013 une encoche permet de refermer le jonc en un seul geste. Il s\u2019embo\u00eete fermement pour assurer confort et s\u00e9curit\u00e9 tout au long de la journ\u00e9e.<br \/>\n<strong>Gravure :<\/strong> Tous nos produits sont grav\u00e9s avec notre signature pour une touche unique et authentique.<br \/>\n<strong>R\u00e9sistance :<\/strong> R\u00e9siste \u00e0 l\u2019eau et ne ternit pas au contact de l\u2019humidit\u00e9.<\/p>","protected":false},"featured_media":2547,"comment_status":"closed","ping_status":"closed","template":"","meta":[],"etheme_brands":[],"product_brand":[],"product_cat":[42],"product_tag":[],"class_list":{"0":"post-2546","1":"product","2":"type-product","3":"status-publish","4":"has-post-thumbnail","6":"product_cat-iris","8":"first","9":"instock","10":"taxable","11":"shipping-taxable","12":"purchasable","13":"product-type-simple"},"_links":{"self":[{"href":"https:\/\/kiohra.com\/en\/wp-json\/wp\/v2\/product\/2546","targetHints":{"allow":["GET"]}}],"collection":[{"href":"https:\/\/kiohra.com\/en\/wp-json\/wp\/v2\/product"}],"about":[{"href":"https:\/\/kiohra.com\/en\/wp-json\/wp\/v2\/types\/product"}],"replies":[{"embeddable":true,"href":"https:\/\/kiohra.com\/en\/wp-json\/wp\/v2\/comments?post=2546"}],"version-history":[{"count":6,"href":"https:\/\/kiohra.com\/en\/wp-json\/wp\/v2\/product\/2546\/revisions"}],"predecessor-version":[{"id":4671,"href":"https:\/\/kiohra.com\/en\/wp-json\/wp\/v2\/product\/2546\/revisions\/4671"}],"wp:featuredmedia":[{"embeddable":true,"href":"https:\/\/kiohra.com\/en\/wp-json\/wp\/v2\/media\/2547"}],"wp:attachment":[{"href":"https:\/\/kiohra.com\/en\/wp-json\/wp\/v2\/media?parent=2546"}],"wp:term":[{"taxonomy":"brand","embeddable":true,"href":"https:\/\/kiohra.com\/en\/wp-json\/wp\/v2\/etheme_brands?post=2546"},{"taxonomy":"product_brand","embeddable":true,"href":"https:\/\/kiohra.com\/en\/wp-json\/wp\/v2\/product_brand?post=2546"},{"taxonomy":"product_cat","embeddable":true,"href":"https:\/\/kiohra.com\/en\/wp-json\/wp\/v2\/product_cat?post=2546"},{"taxonomy":"product_tag","embeddable":true,"href":"https:\/\/kiohra.com\/en\/wp-json\/wp\/v2\/product_tag?post=2546"}],"curies":[{"name":"wp","href":"https:\/\/api.w.org\/{rel}","templated":true}]}}