{"id":2534,"date":"2024-10-10T08:32:29","date_gmt":"2024-10-10T08:32:29","guid":{"rendered":"https:\/\/kiohra.com\/?post_type=product&#038;p=2534"},"modified":"2025-03-31T07:34:37","modified_gmt":"2025-03-31T07:34:37","slug":"jonc-elira","status":"publish","type":"product","link":"https:\/\/kiohra.com\/en\/product\/jonc-elira\/","title":{"rendered":"Elira"},"content":{"rendered":"","protected":false},"excerpt":{"rendered":"<p><strong>Elira<\/strong> symbolise la libert\u00e9 d&rsquo;\u00eatre soi-m\u00eame, de s\u2019exprimer pleinement et sans retenue. Ce bracelet refl\u00e8te votre ind\u00e9pendance et votre capacit\u00e9 \u00e0 tracer votre propre chemin. <strong>Elira<\/strong>\u00a0est un hommage \u00e0 celles qui osent \u00eatre libres et incarnent l&rsquo;esprit de l&rsquo;ind\u00e9pendance.<\/p>\n<p><strong>Mat\u00e9riau :<\/strong> Acier inoxydable<br \/>\n<strong>Couleur :<\/strong> Or, or rose, argent<br \/>\n<strong>Fermoir :<\/strong> Syst\u00e8me de fermeture discret par pression \u2013 une encoche permet de refermer le jonc en un seul geste. Il s\u2019embo\u00eete fermement pour assurer confort et s\u00e9curit\u00e9 tout au long de la journ\u00e9e.<br \/>\n<strong>Gravure :<\/strong> Tous nos produits sont grav\u00e9s avec notre signature pour une touche unique et authentique.<br \/>\n<strong>R\u00e9sistance :<\/strong> R\u00e9siste \u00e0 l\u2019eau et ne ternit pas au contact de l\u2019humidit\u00e9.<\/p>","protected":false},"featured_media":2544,"comment_status":"closed","ping_status":"closed","template":"","meta":[],"etheme_brands":[],"product_brand":[],"product_cat":[42],"product_tag":[],"class_list":{"0":"post-2534","1":"product","2":"type-product","3":"status-publish","4":"has-post-thumbnail","6":"product_cat-iris","8":"first","9":"instock","10":"taxable","11":"shipping-taxable","12":"purchasable","13":"product-type-variable","14":"has-default-attributes"},"_links":{"self":[{"href":"https:\/\/kiohra.com\/en\/wp-json\/wp\/v2\/product\/2534","targetHints":{"allow":["GET"]}}],"collection":[{"href":"https:\/\/kiohra.com\/en\/wp-json\/wp\/v2\/product"}],"about":[{"href":"https:\/\/kiohra.com\/en\/wp-json\/wp\/v2\/types\/product"}],"replies":[{"embeddable":true,"href":"https:\/\/kiohra.com\/en\/wp-json\/wp\/v2\/comments?post=2534"}],"version-history":[{"count":9,"href":"https:\/\/kiohra.com\/en\/wp-json\/wp\/v2\/product\/2534\/revisions"}],"predecessor-version":[{"id":4672,"href":"https:\/\/kiohra.com\/en\/wp-json\/wp\/v2\/product\/2534\/revisions\/4672"}],"wp:featuredmedia":[{"embeddable":true,"href":"https:\/\/kiohra.com\/en\/wp-json\/wp\/v2\/media\/2544"}],"wp:attachment":[{"href":"https:\/\/kiohra.com\/en\/wp-json\/wp\/v2\/media?parent=2534"}],"wp:term":[{"taxonomy":"brand","embeddable":true,"href":"https:\/\/kiohra.com\/en\/wp-json\/wp\/v2\/etheme_brands?post=2534"},{"taxonomy":"product_brand","embeddable":true,"href":"https:\/\/kiohra.com\/en\/wp-json\/wp\/v2\/product_brand?post=2534"},{"taxonomy":"product_cat","embeddable":true,"href":"https:\/\/kiohra.com\/en\/wp-json\/wp\/v2\/product_cat?post=2534"},{"taxonomy":"product_tag","embeddable":true,"href":"https:\/\/kiohra.com\/en\/wp-json\/wp\/v2\/product_tag?post=2534"}],"curies":[{"name":"wp","href":"https:\/\/api.w.org\/{rel}","templated":true}]}}