{"id":2529,"date":"2024-10-10T08:05:11","date_gmt":"2024-10-10T08:05:11","guid":{"rendered":"https:\/\/kiohra.com\/?post_type=product&#038;p=2529"},"modified":"2025-03-30T01:23:38","modified_gmt":"2025-03-30T01:23:38","slug":"jonc-valora","status":"publish","type":"product","link":"https:\/\/kiohra.com\/en\/product\/jonc-valora\/","title":{"rendered":"Valora"},"content":{"rendered":"","protected":false},"excerpt":{"rendered":"<p><strong>Valora<\/strong> symbolise la force int\u00e9rieure et la confiance en soi. Il rappelle que le courage ne se mesure pas \u00e0 la grandeur des actions, mais \u00e0 la constance avec laquelle vous avancez, m\u00eame face aux d\u00e9fis. <strong>Valora<\/strong>\u00a0est pour celles qui affrontent chaque moment avec conviction.<\/p>\n<p><strong>Mat\u00e9riau :<\/strong> Acier inoxydable<br \/>\n<strong>Couleur :<\/strong> Or<br \/>\n<strong>Fermoir :<\/strong> Syst\u00e8me de fermeture discret par pression \u2013 une encoche permet de refermer le jonc en un seul geste. Il s\u2019embo\u00eete fermement pour assurer confort et s\u00e9curit\u00e9 tout au long de la journ\u00e9e.<br \/>\n<strong>Gravure :<\/strong> Tous nos produits sont grav\u00e9s avec notre signature pour une touche unique et authentique.<br \/>\n<strong>R\u00e9sistance :<\/strong> R\u00e9siste \u00e0 l\u2019eau et ne ternit pas au contact de l\u2019humidit\u00e9.<\/p>","protected":false},"featured_media":2531,"comment_status":"closed","ping_status":"closed","template":"","meta":[],"etheme_brands":[],"product_brand":[],"product_cat":[42],"product_tag":[],"class_list":{"0":"post-2529","1":"product","2":"type-product","3":"status-publish","4":"has-post-thumbnail","6":"product_cat-iris","8":"first","9":"instock","10":"taxable","11":"shipping-taxable","12":"purchasable","13":"product-type-simple"},"_links":{"self":[{"href":"https:\/\/kiohra.com\/en\/wp-json\/wp\/v2\/product\/2529","targetHints":{"allow":["GET"]}}],"collection":[{"href":"https:\/\/kiohra.com\/en\/wp-json\/wp\/v2\/product"}],"about":[{"href":"https:\/\/kiohra.com\/en\/wp-json\/wp\/v2\/types\/product"}],"replies":[{"embeddable":true,"href":"https:\/\/kiohra.com\/en\/wp-json\/wp\/v2\/comments?post=2529"}],"version-history":[{"count":5,"href":"https:\/\/kiohra.com\/en\/wp-json\/wp\/v2\/product\/2529\/revisions"}],"predecessor-version":[{"id":4670,"href":"https:\/\/kiohra.com\/en\/wp-json\/wp\/v2\/product\/2529\/revisions\/4670"}],"wp:featuredmedia":[{"embeddable":true,"href":"https:\/\/kiohra.com\/en\/wp-json\/wp\/v2\/media\/2531"}],"wp:attachment":[{"href":"https:\/\/kiohra.com\/en\/wp-json\/wp\/v2\/media?parent=2529"}],"wp:term":[{"taxonomy":"brand","embeddable":true,"href":"https:\/\/kiohra.com\/en\/wp-json\/wp\/v2\/etheme_brands?post=2529"},{"taxonomy":"product_brand","embeddable":true,"href":"https:\/\/kiohra.com\/en\/wp-json\/wp\/v2\/product_brand?post=2529"},{"taxonomy":"product_cat","embeddable":true,"href":"https:\/\/kiohra.com\/en\/wp-json\/wp\/v2\/product_cat?post=2529"},{"taxonomy":"product_tag","embeddable":true,"href":"https:\/\/kiohra.com\/en\/wp-json\/wp\/v2\/product_tag?post=2529"}],"curies":[{"name":"wp","href":"https:\/\/api.w.org\/{rel}","templated":true}]}}