{"id":2444,"date":"2024-10-08T09:02:33","date_gmt":"2024-10-08T09:02:33","guid":{"rendered":"https:\/\/kiohra.com\/?post_type=product&#038;p=2444"},"modified":"2025-03-30T01:32:47","modified_gmt":"2025-03-30T01:32:47","slug":"jonc-iskra","status":"publish","type":"product","link":"https:\/\/kiohra.com\/en\/product\/jonc-iskra\/","title":{"rendered":"Iskra"},"content":{"rendered":"","protected":false},"excerpt":{"rendered":"<p><strong>Iskra<\/strong> brille comme une \u00e9tincelle, un rappel de l\u2019\u00e9nergie et de la cr\u00e9ativit\u00e9 qui r\u00e9sident en vous. Ce bracelet est pour celles qui apportent de la lumi\u00e8re et de l&rsquo;inspiration partout o\u00f9 elles vont, un hommage \u00e0 votre capacit\u00e9 \u00e0 illuminer les vies des autres.<\/p>\n<p><strong>Mat\u00e9riau :<\/strong> Acier inoxydable et nacre<br \/>\n<strong>Couleur :<\/strong> Or<br \/>\n<strong>Fermoir :<\/strong> Syst\u00e8me de fermeture discret par pression \u2013 une encoche permet de refermer le jonc en un seul geste. Il s\u2019embo\u00eete fermement pour assurer confort et s\u00e9curit\u00e9 tout au long de la journ\u00e9e.<br \/>\n<strong>Gravure :<\/strong> Tous nos produits sont grav\u00e9s avec notre signature pour une touche unique et authentique.<br \/>\n<strong>R\u00e9sistance :<\/strong> R\u00e9siste \u00e0 l\u2019eau et ne ternit pas au contact de l\u2019humidit\u00e9.<\/p>","protected":false},"featured_media":2445,"comment_status":"closed","ping_status":"closed","template":"","meta":[],"etheme_brands":[],"product_brand":[],"product_cat":[42],"product_tag":[],"class_list":{"0":"post-2444","1":"product","2":"type-product","3":"status-publish","4":"has-post-thumbnail","6":"product_cat-iris","8":"first","9":"instock","10":"taxable","11":"shipping-taxable","12":"purchasable","13":"product-type-simple"},"_links":{"self":[{"href":"https:\/\/kiohra.com\/en\/wp-json\/wp\/v2\/product\/2444","targetHints":{"allow":["GET"]}}],"collection":[{"href":"https:\/\/kiohra.com\/en\/wp-json\/wp\/v2\/product"}],"about":[{"href":"https:\/\/kiohra.com\/en\/wp-json\/wp\/v2\/types\/product"}],"replies":[{"embeddable":true,"href":"https:\/\/kiohra.com\/en\/wp-json\/wp\/v2\/comments?post=2444"}],"version-history":[{"count":5,"href":"https:\/\/kiohra.com\/en\/wp-json\/wp\/v2\/product\/2444\/revisions"}],"predecessor-version":[{"id":4674,"href":"https:\/\/kiohra.com\/en\/wp-json\/wp\/v2\/product\/2444\/revisions\/4674"}],"wp:featuredmedia":[{"embeddable":true,"href":"https:\/\/kiohra.com\/en\/wp-json\/wp\/v2\/media\/2445"}],"wp:attachment":[{"href":"https:\/\/kiohra.com\/en\/wp-json\/wp\/v2\/media?parent=2444"}],"wp:term":[{"taxonomy":"brand","embeddable":true,"href":"https:\/\/kiohra.com\/en\/wp-json\/wp\/v2\/etheme_brands?post=2444"},{"taxonomy":"product_brand","embeddable":true,"href":"https:\/\/kiohra.com\/en\/wp-json\/wp\/v2\/product_brand?post=2444"},{"taxonomy":"product_cat","embeddable":true,"href":"https:\/\/kiohra.com\/en\/wp-json\/wp\/v2\/product_cat?post=2444"},{"taxonomy":"product_tag","embeddable":true,"href":"https:\/\/kiohra.com\/en\/wp-json\/wp\/v2\/product_tag?post=2444"}],"curies":[{"name":"wp","href":"https:\/\/api.w.org\/{rel}","templated":true}]}}