{"id":2437,"date":"2024-10-08T09:00:41","date_gmt":"2024-10-08T09:00:41","guid":{"rendered":"https:\/\/kiohra.com\/?post_type=product&#038;p=2437"},"modified":"2025-03-31T07:46:18","modified_gmt":"2025-03-31T07:46:18","slug":"jonc-camelia","status":"publish","type":"product","link":"https:\/\/kiohra.com\/en\/product\/jonc-camelia\/","title":{"rendered":"Cam\u00e9lia"},"content":{"rendered":"","protected":false},"excerpt":{"rendered":"<p><strong>Cam\u00e9lia<\/strong>, symbole de douceur et de pers\u00e9v\u00e9rance, vous accompagne \u00e0 chaque instant, reflet de ces moments o\u00f9 vous puisez en vous la force n\u00e9cessaire pour surmonter les \u00e9preuves. En portant <strong>Cam\u00e9lia<\/strong>, vous vous rappelez que, tout comme la fleur qui s\u2019\u00e9panouit au fil des saisons, chaque d\u00e9fi fait \u00e9clore davantage votre beaut\u00e9, votre gr\u00e2ce et votre confiance.<\/p>\n<p><strong>Mat\u00e9riau :<\/strong> Acier inoxydable<br \/>\n<strong>Couleur :<\/strong> Or, argent<br \/>\n<strong>Fermoir :<\/strong> Syst\u00e8me de fermeture discret par pression \u2013 une encoche permet de refermer le jonc en un seul geste. Il s\u2019embo\u00eete fermement pour assurer confort et s\u00e9curit\u00e9 tout au long de la journ\u00e9e.<br \/>\n<strong>Gravure :<\/strong> Tous nos produits sont grav\u00e9s avec notre signature pour une touche unique et authentique.<br \/>\n<strong>R\u00e9sistance :<\/strong> R\u00e9siste \u00e0 l\u2019eau et ne ternit pas au contact de l\u2019humidit\u00e9.<\/p>","protected":false},"featured_media":2442,"comment_status":"closed","ping_status":"closed","template":"","meta":[],"etheme_brands":[],"product_brand":[],"product_cat":[42],"product_tag":[],"class_list":{"0":"post-2437","1":"product","2":"type-product","3":"status-publish","4":"has-post-thumbnail","6":"product_cat-iris","8":"first","9":"instock","10":"taxable","11":"shipping-taxable","12":"purchasable","13":"product-type-variable","14":"has-default-attributes"},"_links":{"self":[{"href":"https:\/\/kiohra.com\/en\/wp-json\/wp\/v2\/product\/2437","targetHints":{"allow":["GET"]}}],"collection":[{"href":"https:\/\/kiohra.com\/en\/wp-json\/wp\/v2\/product"}],"about":[{"href":"https:\/\/kiohra.com\/en\/wp-json\/wp\/v2\/types\/product"}],"replies":[{"embeddable":true,"href":"https:\/\/kiohra.com\/en\/wp-json\/wp\/v2\/comments?post=2437"}],"version-history":[{"count":7,"href":"https:\/\/kiohra.com\/en\/wp-json\/wp\/v2\/product\/2437\/revisions"}],"predecessor-version":[{"id":4676,"href":"https:\/\/kiohra.com\/en\/wp-json\/wp\/v2\/product\/2437\/revisions\/4676"}],"wp:featuredmedia":[{"embeddable":true,"href":"https:\/\/kiohra.com\/en\/wp-json\/wp\/v2\/media\/2442"}],"wp:attachment":[{"href":"https:\/\/kiohra.com\/en\/wp-json\/wp\/v2\/media?parent=2437"}],"wp:term":[{"taxonomy":"brand","embeddable":true,"href":"https:\/\/kiohra.com\/en\/wp-json\/wp\/v2\/etheme_brands?post=2437"},{"taxonomy":"product_brand","embeddable":true,"href":"https:\/\/kiohra.com\/en\/wp-json\/wp\/v2\/product_brand?post=2437"},{"taxonomy":"product_cat","embeddable":true,"href":"https:\/\/kiohra.com\/en\/wp-json\/wp\/v2\/product_cat?post=2437"},{"taxonomy":"product_tag","embeddable":true,"href":"https:\/\/kiohra.com\/en\/wp-json\/wp\/v2\/product_tag?post=2437"}],"curies":[{"name":"wp","href":"https:\/\/api.w.org\/{rel}","templated":true}]}}