{"id":2430,"date":"2024-10-08T08:54:22","date_gmt":"2024-10-08T08:54:22","guid":{"rendered":"https:\/\/kiohra.com\/?post_type=product&#038;p=2430"},"modified":"2025-03-31T07:45:24","modified_gmt":"2025-03-31T07:45:24","slug":"jonc-thalia","status":"publish","type":"product","link":"https:\/\/kiohra.com\/en\/product\/jonc-thalia\/","title":{"rendered":"Thalia"},"content":{"rendered":"","protected":false},"excerpt":{"rendered":"<p><strong>Thalia<\/strong> est une c\u00e9l\u00e9bration de la joie qui accompagne la r\u00e9ussite. Ce bracelet, vibrant et \u00e9l\u00e9gant, est con\u00e7u pour celles qui trouvent de la joie dans chaque victoire, en c\u00e9l\u00e9brant chaque moment de succ\u00e8s comme une explosion de bonheur.<\/p>\n<p><strong>Mat\u00e9riau :<\/strong> Acier inoxydable<br \/>\n<strong>Couleur :<\/strong> Or, argent<br \/>\n<strong>Fermoir :<\/strong> Syst\u00e8me de fermeture discret par pression \u2013 une encoche permet de refermer le jonc en un seul geste. Il s\u2019embo\u00eete fermement pour assurer confort et s\u00e9curit\u00e9 tout au long de la journ\u00e9e.<br \/>\n<strong>Gravure :<\/strong> Tous nos produits sont grav\u00e9s avec notre signature pour une touche unique et authentique.<br \/>\n<strong>R\u00e9sistance :<\/strong> R\u00e9siste \u00e0 l\u2019eau et ne ternit pas au contact de l\u2019humidit\u00e9.<\/p>","protected":false},"featured_media":2435,"comment_status":"closed","ping_status":"closed","template":"","meta":[],"etheme_brands":[],"product_brand":[],"product_cat":[42],"product_tag":[],"class_list":{"0":"post-2430","1":"product","2":"type-product","3":"status-publish","4":"has-post-thumbnail","6":"product_cat-iris","8":"first","9":"instock","10":"taxable","11":"shipping-taxable","12":"purchasable","13":"product-type-variable","14":"has-default-attributes"},"_links":{"self":[{"href":"https:\/\/kiohra.com\/en\/wp-json\/wp\/v2\/product\/2430","targetHints":{"allow":["GET"]}}],"collection":[{"href":"https:\/\/kiohra.com\/en\/wp-json\/wp\/v2\/product"}],"about":[{"href":"https:\/\/kiohra.com\/en\/wp-json\/wp\/v2\/types\/product"}],"replies":[{"embeddable":true,"href":"https:\/\/kiohra.com\/en\/wp-json\/wp\/v2\/comments?post=2430"}],"version-history":[{"count":8,"href":"https:\/\/kiohra.com\/en\/wp-json\/wp\/v2\/product\/2430\/revisions"}],"predecessor-version":[{"id":4679,"href":"https:\/\/kiohra.com\/en\/wp-json\/wp\/v2\/product\/2430\/revisions\/4679"}],"wp:featuredmedia":[{"embeddable":true,"href":"https:\/\/kiohra.com\/en\/wp-json\/wp\/v2\/media\/2435"}],"wp:attachment":[{"href":"https:\/\/kiohra.com\/en\/wp-json\/wp\/v2\/media?parent=2430"}],"wp:term":[{"taxonomy":"brand","embeddable":true,"href":"https:\/\/kiohra.com\/en\/wp-json\/wp\/v2\/etheme_brands?post=2430"},{"taxonomy":"product_brand","embeddable":true,"href":"https:\/\/kiohra.com\/en\/wp-json\/wp\/v2\/product_brand?post=2430"},{"taxonomy":"product_cat","embeddable":true,"href":"https:\/\/kiohra.com\/en\/wp-json\/wp\/v2\/product_cat?post=2430"},{"taxonomy":"product_tag","embeddable":true,"href":"https:\/\/kiohra.com\/en\/wp-json\/wp\/v2\/product_tag?post=2430"}],"curies":[{"name":"wp","href":"https:\/\/api.w.org\/{rel}","templated":true}]}}