{"id":2411,"date":"2024-10-08T08:23:43","date_gmt":"2024-10-08T08:23:43","guid":{"rendered":"https:\/\/kiohra.com\/?post_type=product&#038;p=2411"},"modified":"2025-03-31T07:48:14","modified_gmt":"2025-03-31T07:48:14","slug":"jonc-sahara","status":"publish","type":"product","link":"https:\/\/kiohra.com\/en\/product\/jonc-sahara\/","title":{"rendered":"Sahara"},"content":{"rendered":"","protected":false},"excerpt":{"rendered":"<p><strong>Sahara<\/strong> est un hommage \u00e0 la r\u00e9silience et \u00e0 la force. Ce bracelet, inspir\u00e9 par la majest\u00e9 des d\u00e9serts, symbolise votre capacit\u00e9 \u00e0 surmonter les obstacles, \u00e0 traverser les temp\u00eates et \u00e0 trouver la paix dans l&rsquo;adversit\u00e9. <strong>Sahara<\/strong>\u00a0vous rappelle que vous \u00eates aussi forte et constante que les dunes qui ne cessent de se red\u00e9finir.<\/p>\n<p><strong>Mat\u00e9riau :<\/strong> Acier inoxydable<br \/>\n<strong>Couleur :<\/strong> Or, or rose, argent<br \/>\n<strong>Fermoir :<\/strong> Syst\u00e8me de fermeture discret par pression \u2013 une encoche permet de refermer le jonc en un seul geste. Il s\u2019embo\u00eete fermement pour assurer confort et s\u00e9curit\u00e9 tout au long de la journ\u00e9e.<br \/>\n<strong>Gravure :<\/strong> Tous nos produits sont grav\u00e9s avec notre signature pour une touche unique et authentique.<br \/>\n<strong>R\u00e9sistance :<\/strong> R\u00e9siste \u00e0 l\u2019eau et ne ternit pas au contact de l\u2019humidit\u00e9.<\/p>","protected":false},"featured_media":2418,"comment_status":"closed","ping_status":"closed","template":"","meta":[],"etheme_brands":[],"product_brand":[],"product_cat":[41],"product_tag":[],"class_list":{"0":"post-2411","1":"product","2":"type-product","3":"status-publish","4":"has-post-thumbnail","6":"product_cat-ines","8":"first","9":"instock","10":"taxable","11":"shipping-taxable","12":"purchasable","13":"product-type-variable","14":"has-default-attributes"},"_links":{"self":[{"href":"https:\/\/kiohra.com\/en\/wp-json\/wp\/v2\/product\/2411","targetHints":{"allow":["GET"]}}],"collection":[{"href":"https:\/\/kiohra.com\/en\/wp-json\/wp\/v2\/product"}],"about":[{"href":"https:\/\/kiohra.com\/en\/wp-json\/wp\/v2\/types\/product"}],"replies":[{"embeddable":true,"href":"https:\/\/kiohra.com\/en\/wp-json\/wp\/v2\/comments?post=2411"}],"version-history":[{"count":7,"href":"https:\/\/kiohra.com\/en\/wp-json\/wp\/v2\/product\/2411\/revisions"}],"predecessor-version":[{"id":4681,"href":"https:\/\/kiohra.com\/en\/wp-json\/wp\/v2\/product\/2411\/revisions\/4681"}],"wp:featuredmedia":[{"embeddable":true,"href":"https:\/\/kiohra.com\/en\/wp-json\/wp\/v2\/media\/2418"}],"wp:attachment":[{"href":"https:\/\/kiohra.com\/en\/wp-json\/wp\/v2\/media?parent=2411"}],"wp:term":[{"taxonomy":"brand","embeddable":true,"href":"https:\/\/kiohra.com\/en\/wp-json\/wp\/v2\/etheme_brands?post=2411"},{"taxonomy":"product_brand","embeddable":true,"href":"https:\/\/kiohra.com\/en\/wp-json\/wp\/v2\/product_brand?post=2411"},{"taxonomy":"product_cat","embeddable":true,"href":"https:\/\/kiohra.com\/en\/wp-json\/wp\/v2\/product_cat?post=2411"},{"taxonomy":"product_tag","embeddable":true,"href":"https:\/\/kiohra.com\/en\/wp-json\/wp\/v2\/product_tag?post=2411"}],"curies":[{"name":"wp","href":"https:\/\/api.w.org\/{rel}","templated":true}]}}