{"id":2406,"date":"2024-10-08T08:13:57","date_gmt":"2024-10-08T08:13:57","guid":{"rendered":"https:\/\/kiohra.com\/?post_type=product&#038;p=2406"},"modified":"2025-03-30T01:44:36","modified_gmt":"2025-03-30T01:44:36","slug":"jonc-solara","status":"publish","type":"product","link":"https:\/\/kiohra.com\/en\/product\/jonc-solara\/","title":{"rendered":"Solara"},"content":{"rendered":"","protected":false},"excerpt":{"rendered":"<p>Dans les anciennes civilisations, les joncs \u00e9taient souvent per\u00e7us comme un lien sacr\u00e9 entre le porteur et les astres, symboles de guidance et de lumi\u00e8re. Le jonc <strong>Solara<\/strong>\u00a0puise son inspiration dans cet h\u00e9ritage spirituel, \u00e9voquant la force du soleil, source d\u2019\u00e9nergie et de renouveau. Son design rappelle les chemins entrelac\u00e9s de la vie, chacun menant vers une plus grande clart\u00e9.<\/p>\n<p><strong>Mat\u00e9riau :<\/strong> Acier inoxydable et nacre<br \/>\n<strong>Couleur :<\/strong> Or<br \/>\n<strong>Fermoir :<\/strong> Syst\u00e8me de fermeture discret par pression \u2013 une encoche permet de refermer le jonc en un seul geste. Il s\u2019embo\u00eete fermement pour assurer confort et s\u00e9curit\u00e9 tout au long de la journ\u00e9e.<br \/>\n<strong>Gravure :<\/strong> Tous nos produits sont grav\u00e9s avec notre signature pour une touche unique et authentique.<br \/>\n<strong>R\u00e9sistance :<\/strong> R\u00e9siste \u00e0 l\u2019eau et ne ternit pas au contact de l\u2019humidit\u00e9.<\/p>","protected":false},"featured_media":2408,"comment_status":"closed","ping_status":"closed","template":"","meta":[],"etheme_brands":[],"product_brand":[],"product_cat":[41],"product_tag":[],"class_list":{"0":"post-2406","1":"product","2":"type-product","3":"status-publish","4":"has-post-thumbnail","6":"product_cat-ines","8":"first","9":"instock","10":"taxable","11":"shipping-taxable","12":"purchasable","13":"product-type-simple"},"_links":{"self":[{"href":"https:\/\/kiohra.com\/en\/wp-json\/wp\/v2\/product\/2406","targetHints":{"allow":["GET"]}}],"collection":[{"href":"https:\/\/kiohra.com\/en\/wp-json\/wp\/v2\/product"}],"about":[{"href":"https:\/\/kiohra.com\/en\/wp-json\/wp\/v2\/types\/product"}],"replies":[{"embeddable":true,"href":"https:\/\/kiohra.com\/en\/wp-json\/wp\/v2\/comments?post=2406"}],"version-history":[{"count":5,"href":"https:\/\/kiohra.com\/en\/wp-json\/wp\/v2\/product\/2406\/revisions"}],"predecessor-version":[{"id":4682,"href":"https:\/\/kiohra.com\/en\/wp-json\/wp\/v2\/product\/2406\/revisions\/4682"}],"wp:featuredmedia":[{"embeddable":true,"href":"https:\/\/kiohra.com\/en\/wp-json\/wp\/v2\/media\/2408"}],"wp:attachment":[{"href":"https:\/\/kiohra.com\/en\/wp-json\/wp\/v2\/media?parent=2406"}],"wp:term":[{"taxonomy":"brand","embeddable":true,"href":"https:\/\/kiohra.com\/en\/wp-json\/wp\/v2\/etheme_brands?post=2406"},{"taxonomy":"product_brand","embeddable":true,"href":"https:\/\/kiohra.com\/en\/wp-json\/wp\/v2\/product_brand?post=2406"},{"taxonomy":"product_cat","embeddable":true,"href":"https:\/\/kiohra.com\/en\/wp-json\/wp\/v2\/product_cat?post=2406"},{"taxonomy":"product_tag","embeddable":true,"href":"https:\/\/kiohra.com\/en\/wp-json\/wp\/v2\/product_tag?post=2406"}],"curies":[{"name":"wp","href":"https:\/\/api.w.org\/{rel}","templated":true}]}}