{"id":2399,"date":"2024-10-08T08:10:55","date_gmt":"2024-10-08T08:10:55","guid":{"rendered":"https:\/\/kiohra.com\/?post_type=product&#038;p=2399"},"modified":"2025-03-31T07:49:15","modified_gmt":"2025-03-31T07:49:15","slug":"jonc-gaia","status":"publish","type":"product","link":"https:\/\/kiohra.com\/en\/product\/jonc-gaia\/","title":{"rendered":"Gaia"},"content":{"rendered":"","protected":false},"excerpt":{"rendered":"<p><strong>Ga\u00efa<\/strong>\u00a0puise son inspiration dans la symbolique forte de la gourmette, un signe d&rsquo;attachement, de solidit\u00e9 et de protection. Sa simplicit\u00e9 g\u00e9om\u00e9trique, enrichie de pierres scintillantes, \u00e9voque la stabilit\u00e9 et la continuit\u00e9 des liens qui nous unissent au fil du temps. Chaque d\u00e9tail renforce l\u2019id\u00e9e que ces connexions, tout comme ce jonc, sont faites pour traverser les \u00e9preuves et marquer durablement nos vies.<\/p>\n<p><strong>Mat\u00e9riau :<\/strong> Acier inoxydable<br \/>\n<strong>Couleur :<\/strong> Or, argent<br \/>\n<strong>Fermoir :<\/strong> Syst\u00e8me de fermeture discret par pression \u2013 une encoche permet de refermer le jonc en un seul geste. Il s\u2019embo\u00eete fermement pour assurer confort et s\u00e9curit\u00e9 tout au long de la journ\u00e9e.<br \/>\n<strong>Gravure :<\/strong> Tous nos produits sont grav\u00e9s avec notre signature pour une touche unique et authentique.<br \/>\n<strong>R\u00e9sistance :<\/strong> R\u00e9siste \u00e0 l\u2019eau et ne ternit pas au contact de l\u2019humidit\u00e9.<\/p>","protected":false},"featured_media":2404,"comment_status":"closed","ping_status":"closed","template":"","meta":[],"etheme_brands":[],"product_brand":[],"product_cat":[41],"product_tag":[],"class_list":{"0":"post-2399","1":"product","2":"type-product","3":"status-publish","4":"has-post-thumbnail","6":"product_cat-ines","8":"first","9":"instock","10":"taxable","11":"shipping-taxable","12":"purchasable","13":"product-type-variable","14":"has-default-attributes"},"_links":{"self":[{"href":"https:\/\/kiohra.com\/en\/wp-json\/wp\/v2\/product\/2399","targetHints":{"allow":["GET"]}}],"collection":[{"href":"https:\/\/kiohra.com\/en\/wp-json\/wp\/v2\/product"}],"about":[{"href":"https:\/\/kiohra.com\/en\/wp-json\/wp\/v2\/types\/product"}],"replies":[{"embeddable":true,"href":"https:\/\/kiohra.com\/en\/wp-json\/wp\/v2\/comments?post=2399"}],"version-history":[{"count":6,"href":"https:\/\/kiohra.com\/en\/wp-json\/wp\/v2\/product\/2399\/revisions"}],"predecessor-version":[{"id":4683,"href":"https:\/\/kiohra.com\/en\/wp-json\/wp\/v2\/product\/2399\/revisions\/4683"}],"wp:featuredmedia":[{"embeddable":true,"href":"https:\/\/kiohra.com\/en\/wp-json\/wp\/v2\/media\/2404"}],"wp:attachment":[{"href":"https:\/\/kiohra.com\/en\/wp-json\/wp\/v2\/media?parent=2399"}],"wp:term":[{"taxonomy":"brand","embeddable":true,"href":"https:\/\/kiohra.com\/en\/wp-json\/wp\/v2\/etheme_brands?post=2399"},{"taxonomy":"product_brand","embeddable":true,"href":"https:\/\/kiohra.com\/en\/wp-json\/wp\/v2\/product_brand?post=2399"},{"taxonomy":"product_cat","embeddable":true,"href":"https:\/\/kiohra.com\/en\/wp-json\/wp\/v2\/product_cat?post=2399"},{"taxonomy":"product_tag","embeddable":true,"href":"https:\/\/kiohra.com\/en\/wp-json\/wp\/v2\/product_tag?post=2399"}],"curies":[{"name":"wp","href":"https:\/\/api.w.org\/{rel}","templated":true}]}}