{"id":2382,"date":"2024-10-08T07:43:23","date_gmt":"2024-10-08T07:43:23","guid":{"rendered":"https:\/\/kiohra.com\/?post_type=product&#038;p=2382"},"modified":"2025-03-31T11:55:43","modified_gmt":"2025-03-31T11:55:43","slug":"jonc-alba","status":"publish","type":"product","link":"https:\/\/kiohra.com\/en\/product\/jonc-alba\/","title":{"rendered":"Alba"},"content":{"rendered":"","protected":false},"excerpt":{"rendered":"<p><strong>Alba<\/strong> symbolise le commencement d\u2019un nouveau chapitre. Chaque matin porte en lui l\u2019espoir de rena\u00eetre et de se rapprocher un peu plus de ses r\u00eaves. Comme les maillons d\u2019une cha\u00eene qui forment un tout, chaque \u00e9tape de la vie est un lien qui vous m\u00e8ne vers votre pleine r\u00e9alisation. En portant <strong>Alba<\/strong>, vous embrassez la promesse de chaque jour, un rappel que chaque transition vous renforce et vous guide vers votre chemin.<\/p>\n<p><strong>Mat\u00e9riau :<\/strong> Acier inoxydable et nacre<br \/>\n<strong>Couleur :<\/strong> Or et argent<br \/>\n<strong>Fermoir :<\/strong> Syst\u00e8me de fermeture discret par pression \u2013 une encoche permet de refermer le jonc en un seul geste. Il s\u2019embo\u00eete fermement pour assurer confort et s\u00e9curit\u00e9 tout au long de la journ\u00e9e.<br \/>\n<strong>Gravure :<\/strong> Tous nos produits sont grav\u00e9s avec notre signature pour une touche unique et authentique.<br \/>\n<strong>R\u00e9sistance :<\/strong> R\u00e9siste \u00e0 l\u2019eau et ne ternit pas au contact de l\u2019humidit\u00e9.<\/p>","protected":false},"featured_media":2385,"comment_status":"closed","ping_status":"closed","template":"","meta":[],"etheme_brands":[],"product_brand":[],"product_cat":[40],"product_tag":[],"class_list":{"0":"post-2382","1":"product","2":"type-product","3":"status-publish","4":"has-post-thumbnail","6":"product_cat-elea","8":"first","9":"instock","10":"taxable","11":"shipping-taxable","12":"purchasable","13":"product-type-variable","14":"has-default-attributes"},"_links":{"self":[{"href":"https:\/\/kiohra.com\/en\/wp-json\/wp\/v2\/product\/2382","targetHints":{"allow":["GET"]}}],"collection":[{"href":"https:\/\/kiohra.com\/en\/wp-json\/wp\/v2\/product"}],"about":[{"href":"https:\/\/kiohra.com\/en\/wp-json\/wp\/v2\/types\/product"}],"replies":[{"embeddable":true,"href":"https:\/\/kiohra.com\/en\/wp-json\/wp\/v2\/comments?post=2382"}],"version-history":[{"count":6,"href":"https:\/\/kiohra.com\/en\/wp-json\/wp\/v2\/product\/2382\/revisions"}],"predecessor-version":[{"id":4688,"href":"https:\/\/kiohra.com\/en\/wp-json\/wp\/v2\/product\/2382\/revisions\/4688"}],"wp:featuredmedia":[{"embeddable":true,"href":"https:\/\/kiohra.com\/en\/wp-json\/wp\/v2\/media\/2385"}],"wp:attachment":[{"href":"https:\/\/kiohra.com\/en\/wp-json\/wp\/v2\/media?parent=2382"}],"wp:term":[{"taxonomy":"brand","embeddable":true,"href":"https:\/\/kiohra.com\/en\/wp-json\/wp\/v2\/etheme_brands?post=2382"},{"taxonomy":"product_brand","embeddable":true,"href":"https:\/\/kiohra.com\/en\/wp-json\/wp\/v2\/product_brand?post=2382"},{"taxonomy":"product_cat","embeddable":true,"href":"https:\/\/kiohra.com\/en\/wp-json\/wp\/v2\/product_cat?post=2382"},{"taxonomy":"product_tag","embeddable":true,"href":"https:\/\/kiohra.com\/en\/wp-json\/wp\/v2\/product_tag?post=2382"}],"curies":[{"name":"wp","href":"https:\/\/api.w.org\/{rel}","templated":true}]}}