{"id":2378,"date":"2024-10-08T07:36:58","date_gmt":"2024-10-08T07:36:58","guid":{"rendered":"https:\/\/kiohra.com\/?post_type=product&#038;p=2378"},"modified":"2025-03-30T01:53:05","modified_gmt":"2025-03-30T01:53:05","slug":"jonc-clara","status":"publish","type":"product","link":"https:\/\/kiohra.com\/en\/product\/jonc-clara\/","title":{"rendered":"Clara"},"content":{"rendered":"","protected":false},"excerpt":{"rendered":"<p><strong>Clara<\/strong>\u00a0r\u00e9v\u00e8le la beaut\u00e9 des choses simples. Ses lignes \u00e9pur\u00e9es et ses pierres d\u00e9licates sont une ode au charme discret. Au poignet, il ajoute cette touche qui sublime l\u2019allure de celui qui le porte. Chaque jour, il rappelle que l&rsquo;essentiel r\u00e9side dans les d\u00e9tails et qu&rsquo;il suffit de peu pour briller.<\/p>\n<p><strong>Mat\u00e9riau :<\/strong> Acier inoxydable<br \/>\n<strong>Couleur :<\/strong> argent<br \/>\n<strong>Fermoir :<\/strong> Syst\u00e8me de fermeture discret par pression \u2013 une encoche permet de refermer le jonc en un seul geste. Il s\u2019embo\u00eete fermement pour assurer confort et s\u00e9curit\u00e9 tout au long de la journ\u00e9e.<br \/>\n<strong>Gravure :<\/strong> Tous nos produits sont grav\u00e9s avec notre signature pour une touche unique et authentique.<br \/>\n<strong>R\u00e9sistance :<\/strong> R\u00e9siste \u00e0 l\u2019eau et ne ternit pas au contact de l\u2019humidit\u00e9.<\/p>","protected":false},"featured_media":2379,"comment_status":"closed","ping_status":"closed","template":"","meta":[],"etheme_brands":[],"product_brand":[],"product_cat":[40],"product_tag":[],"class_list":{"0":"post-2378","1":"product","2":"type-product","3":"status-publish","4":"has-post-thumbnail","6":"product_cat-elea","8":"first","9":"instock","10":"taxable","11":"shipping-taxable","12":"purchasable","13":"product-type-simple"},"_links":{"self":[{"href":"https:\/\/kiohra.com\/en\/wp-json\/wp\/v2\/product\/2378","targetHints":{"allow":["GET"]}}],"collection":[{"href":"https:\/\/kiohra.com\/en\/wp-json\/wp\/v2\/product"}],"about":[{"href":"https:\/\/kiohra.com\/en\/wp-json\/wp\/v2\/types\/product"}],"replies":[{"embeddable":true,"href":"https:\/\/kiohra.com\/en\/wp-json\/wp\/v2\/comments?post=2378"}],"version-history":[{"count":5,"href":"https:\/\/kiohra.com\/en\/wp-json\/wp\/v2\/product\/2378\/revisions"}],"predecessor-version":[{"id":4689,"href":"https:\/\/kiohra.com\/en\/wp-json\/wp\/v2\/product\/2378\/revisions\/4689"}],"wp:featuredmedia":[{"embeddable":true,"href":"https:\/\/kiohra.com\/en\/wp-json\/wp\/v2\/media\/2379"}],"wp:attachment":[{"href":"https:\/\/kiohra.com\/en\/wp-json\/wp\/v2\/media?parent=2378"}],"wp:term":[{"taxonomy":"brand","embeddable":true,"href":"https:\/\/kiohra.com\/en\/wp-json\/wp\/v2\/etheme_brands?post=2378"},{"taxonomy":"product_brand","embeddable":true,"href":"https:\/\/kiohra.com\/en\/wp-json\/wp\/v2\/product_brand?post=2378"},{"taxonomy":"product_cat","embeddable":true,"href":"https:\/\/kiohra.com\/en\/wp-json\/wp\/v2\/product_cat?post=2378"},{"taxonomy":"product_tag","embeddable":true,"href":"https:\/\/kiohra.com\/en\/wp-json\/wp\/v2\/product_tag?post=2378"}],"curies":[{"name":"wp","href":"https:\/\/api.w.org\/{rel}","templated":true}]}}