{"id":2374,"date":"2024-10-08T07:26:32","date_gmt":"2024-10-08T07:26:32","guid":{"rendered":"https:\/\/kiohra.com\/?post_type=product&#038;p=2374"},"modified":"2025-03-30T01:53:51","modified_gmt":"2025-03-30T01:53:51","slug":"jonc-azura","status":"publish","type":"product","link":"https:\/\/kiohra.com\/en\/product\/jonc-azura\/","title":{"rendered":"Azura"},"content":{"rendered":"","protected":false},"excerpt":{"rendered":"<p><strong>Azura<\/strong> capture la force et la fluidit\u00e9 des vagues, un symbole de mouvement continu et d&rsquo;affirmation de soi. Ses courbes \u00e9l\u00e9gantes refl\u00e8tent la puissance tranquille de l\u2019eau qui, tout en douceur, trace son chemin avec assurance. En portant <strong>Azura<\/strong>, vous affirmez votre d\u00e9termination \u00e0 avancer, tout en embrassant la flexibilit\u00e9 et l&rsquo;\u00e9l\u00e9gance qui vous accompagnent dans chaque \u00e9tape de votre parcours.<\/p>\n<p><strong>Mat\u00e9riau :<\/strong> Acier inoxydable<br \/>\n<strong>Couleur :<\/strong> Or<br \/>\n<strong>Fermoir :<\/strong> Syst\u00e8me de fermeture discret par pression \u2013 une encoche permet de refermer le jonc en un seul geste. Il s\u2019embo\u00eete fermement pour assurer confort et s\u00e9curit\u00e9 tout au long de la journ\u00e9e.<br \/>\n<strong>Gravure :<\/strong> Tous nos produits sont grav\u00e9s avec notre signature pour une touche unique et authentique.<br \/>\n<strong>R\u00e9sistance :<\/strong> R\u00e9siste \u00e0 l\u2019eau et ne ternit pas au contact de l\u2019humidit\u00e9.<\/p>","protected":false},"featured_media":2375,"comment_status":"closed","ping_status":"closed","template":"","meta":[],"etheme_brands":[],"product_brand":[],"product_cat":[40],"product_tag":[],"class_list":{"0":"post-2374","1":"product","2":"type-product","3":"status-publish","4":"has-post-thumbnail","6":"product_cat-elea","8":"first","9":"instock","10":"taxable","11":"shipping-taxable","12":"purchasable","13":"product-type-simple"},"_links":{"self":[{"href":"https:\/\/kiohra.com\/en\/wp-json\/wp\/v2\/product\/2374","targetHints":{"allow":["GET"]}}],"collection":[{"href":"https:\/\/kiohra.com\/en\/wp-json\/wp\/v2\/product"}],"about":[{"href":"https:\/\/kiohra.com\/en\/wp-json\/wp\/v2\/types\/product"}],"replies":[{"embeddable":true,"href":"https:\/\/kiohra.com\/en\/wp-json\/wp\/v2\/comments?post=2374"}],"version-history":[{"count":5,"href":"https:\/\/kiohra.com\/en\/wp-json\/wp\/v2\/product\/2374\/revisions"}],"predecessor-version":[{"id":4690,"href":"https:\/\/kiohra.com\/en\/wp-json\/wp\/v2\/product\/2374\/revisions\/4690"}],"wp:featuredmedia":[{"embeddable":true,"href":"https:\/\/kiohra.com\/en\/wp-json\/wp\/v2\/media\/2375"}],"wp:attachment":[{"href":"https:\/\/kiohra.com\/en\/wp-json\/wp\/v2\/media?parent=2374"}],"wp:term":[{"taxonomy":"brand","embeddable":true,"href":"https:\/\/kiohra.com\/en\/wp-json\/wp\/v2\/etheme_brands?post=2374"},{"taxonomy":"product_brand","embeddable":true,"href":"https:\/\/kiohra.com\/en\/wp-json\/wp\/v2\/product_brand?post=2374"},{"taxonomy":"product_cat","embeddable":true,"href":"https:\/\/kiohra.com\/en\/wp-json\/wp\/v2\/product_cat?post=2374"},{"taxonomy":"product_tag","embeddable":true,"href":"https:\/\/kiohra.com\/en\/wp-json\/wp\/v2\/product_tag?post=2374"}],"curies":[{"name":"wp","href":"https:\/\/api.w.org\/{rel}","templated":true}]}}