{"id":2371,"date":"2024-10-08T07:19:42","date_gmt":"2024-10-08T07:19:42","guid":{"rendered":"https:\/\/kiohra.com\/?post_type=product&#038;p=2371"},"modified":"2025-03-31T11:57:01","modified_gmt":"2025-03-31T11:57:01","slug":"jonc-eclipse","status":"publish","type":"product","link":"https:\/\/kiohra.com\/en\/product\/jonc-eclipse\/","title":{"rendered":"Eclipse"},"content":{"rendered":"","protected":false},"excerpt":{"rendered":"<p><strong>Eclipse<\/strong> capture le moment o\u00f9 deux destins se croisent et s&rsquo;unissent, \u00e0 l&rsquo;image des \u00e9toiles qui se rejoignent dans une \u00e9treinte silencieuse. L&rsquo;\u00e9clat des pierres refl\u00e8te la beaut\u00e9 des moments inattendus qui transforment une vie. Porter <strong>\u00c9clipse<\/strong>, c&rsquo;est suivre sa propre voie, tout en accueillant les belles surprises que le destin r\u00e9serve.<\/p>\n<p><strong>Mat\u00e9riau :<\/strong> Acier inoxydable<br \/>\n<strong>Couleur :<\/strong> Or, argent<br \/>\n<strong>Fermoir :<\/strong> Syst\u00e8me de fermeture discret par pression \u2013 une encoche permet de refermer le jonc en un seul geste. Il s\u2019embo\u00eete fermement pour assurer confort et s\u00e9curit\u00e9 tout au long de la journ\u00e9e.<br \/>\n<strong>Gravure :<\/strong> Tous nos produits sont grav\u00e9s avec notre signature pour une touche unique et authentique.<br \/>\n<strong>R\u00e9sistance :<\/strong> R\u00e9siste \u00e0 l\u2019eau et ne ternit pas au contact de l\u2019humidit\u00e9.<\/p>","protected":false},"featured_media":2372,"comment_status":"closed","ping_status":"closed","template":"","meta":[],"etheme_brands":[],"product_brand":[],"product_cat":[40],"product_tag":[],"class_list":{"0":"post-2371","1":"product","2":"type-product","3":"status-publish","4":"has-post-thumbnail","6":"product_cat-elea","8":"first","9":"instock","10":"taxable","11":"shipping-taxable","12":"purchasable","13":"product-type-variable","14":"has-default-attributes"},"_links":{"self":[{"href":"https:\/\/kiohra.com\/en\/wp-json\/wp\/v2\/product\/2371","targetHints":{"allow":["GET"]}}],"collection":[{"href":"https:\/\/kiohra.com\/en\/wp-json\/wp\/v2\/product"}],"about":[{"href":"https:\/\/kiohra.com\/en\/wp-json\/wp\/v2\/types\/product"}],"replies":[{"embeddable":true,"href":"https:\/\/kiohra.com\/en\/wp-json\/wp\/v2\/comments?post=2371"}],"version-history":[{"count":6,"href":"https:\/\/kiohra.com\/en\/wp-json\/wp\/v2\/product\/2371\/revisions"}],"predecessor-version":[{"id":4692,"href":"https:\/\/kiohra.com\/en\/wp-json\/wp\/v2\/product\/2371\/revisions\/4692"}],"wp:featuredmedia":[{"embeddable":true,"href":"https:\/\/kiohra.com\/en\/wp-json\/wp\/v2\/media\/2372"}],"wp:attachment":[{"href":"https:\/\/kiohra.com\/en\/wp-json\/wp\/v2\/media?parent=2371"}],"wp:term":[{"taxonomy":"brand","embeddable":true,"href":"https:\/\/kiohra.com\/en\/wp-json\/wp\/v2\/etheme_brands?post=2371"},{"taxonomy":"product_brand","embeddable":true,"href":"https:\/\/kiohra.com\/en\/wp-json\/wp\/v2\/product_brand?post=2371"},{"taxonomy":"product_cat","embeddable":true,"href":"https:\/\/kiohra.com\/en\/wp-json\/wp\/v2\/product_cat?post=2371"},{"taxonomy":"product_tag","embeddable":true,"href":"https:\/\/kiohra.com\/en\/wp-json\/wp\/v2\/product_tag?post=2371"}],"curies":[{"name":"wp","href":"https:\/\/api.w.org\/{rel}","templated":true}]}}