{"id":2347,"date":"2024-10-04T08:58:24","date_gmt":"2024-10-04T08:58:24","guid":{"rendered":"https:\/\/kiohra.com\/?post_type=product&#038;p=2347"},"modified":"2025-03-30T02:02:24","modified_gmt":"2025-03-30T02:02:24","slug":"jonc-olea","status":"publish","type":"product","link":"https:\/\/kiohra.com\/en\/product\/jonc-olea\/","title":{"rendered":"Ol\u00e9a"},"content":{"rendered":"","protected":false},"excerpt":{"rendered":"<p><strong>Ol\u00e9a<\/strong>\u00a0puise son inspiration dans la branche d&rsquo;olivier, symbole ancestral de paix et de prosp\u00e9rit\u00e9. Les feuilles, finement serties de pierres scintillantes, mettent en lumi\u00e8re la majest\u00e9 de la nature, qui ne cesse de cro\u00eetre et de se renouveler. Porter <strong>Ol\u00e9a<\/strong>, c\u2019est embrasser la s\u00e9r\u00e9nit\u00e9 et la sagesse, grandir et accueillir les opportunit\u00e9s qui se pr\u00e9sentent, tout en restant fermement enracin\u00e9 dans ses valeurs et principes.<\/p>\n<p><strong>Mat\u00e9riau :<\/strong> Acier inoxydable<br \/>\n<strong>Couleur :<\/strong> Or<br \/>\n<strong>Fermoir :<\/strong> Syst\u00e8me de fermeture discret par pression \u2013 une encoche permet de refermer le jonc en un seul geste. Il s\u2019embo\u00eete fermement pour assurer confort et s\u00e9curit\u00e9 tout au long de la journ\u00e9e.<br \/>\n<strong>Gravure :<\/strong> Tous nos produits sont grav\u00e9s avec notre signature pour une touche unique et authentique.<br \/>\n<strong>R\u00e9sistance :<\/strong> R\u00e9siste \u00e0 l\u2019eau et ne ternit pas au contact de l\u2019humidit\u00e9.<\/p>","protected":false},"featured_media":2348,"comment_status":"closed","ping_status":"closed","template":"","meta":[],"etheme_brands":[],"product_brand":[],"product_cat":[41],"product_tag":[],"class_list":{"0":"post-2347","1":"product","2":"type-product","3":"status-publish","4":"has-post-thumbnail","6":"product_cat-ines","8":"first","9":"instock","10":"taxable","11":"shipping-taxable","12":"purchasable","13":"product-type-simple"},"_links":{"self":[{"href":"https:\/\/kiohra.com\/en\/wp-json\/wp\/v2\/product\/2347","targetHints":{"allow":["GET"]}}],"collection":[{"href":"https:\/\/kiohra.com\/en\/wp-json\/wp\/v2\/product"}],"about":[{"href":"https:\/\/kiohra.com\/en\/wp-json\/wp\/v2\/types\/product"}],"replies":[{"embeddable":true,"href":"https:\/\/kiohra.com\/en\/wp-json\/wp\/v2\/comments?post=2347"}],"version-history":[{"count":6,"href":"https:\/\/kiohra.com\/en\/wp-json\/wp\/v2\/product\/2347\/revisions"}],"predecessor-version":[{"id":4697,"href":"https:\/\/kiohra.com\/en\/wp-json\/wp\/v2\/product\/2347\/revisions\/4697"}],"wp:featuredmedia":[{"embeddable":true,"href":"https:\/\/kiohra.com\/en\/wp-json\/wp\/v2\/media\/2348"}],"wp:attachment":[{"href":"https:\/\/kiohra.com\/en\/wp-json\/wp\/v2\/media?parent=2347"}],"wp:term":[{"taxonomy":"brand","embeddable":true,"href":"https:\/\/kiohra.com\/en\/wp-json\/wp\/v2\/etheme_brands?post=2347"},{"taxonomy":"product_brand","embeddable":true,"href":"https:\/\/kiohra.com\/en\/wp-json\/wp\/v2\/product_brand?post=2347"},{"taxonomy":"product_cat","embeddable":true,"href":"https:\/\/kiohra.com\/en\/wp-json\/wp\/v2\/product_cat?post=2347"},{"taxonomy":"product_tag","embeddable":true,"href":"https:\/\/kiohra.com\/en\/wp-json\/wp\/v2\/product_tag?post=2347"}],"curies":[{"name":"wp","href":"https:\/\/api.w.org\/{rel}","templated":true}]}}