{"id":2336,"date":"2024-10-04T08:41:17","date_gmt":"2024-10-04T08:41:17","guid":{"rendered":"https:\/\/kiohra.com\/?post_type=product&#038;p=2336"},"modified":"2025-03-30T02:01:44","modified_gmt":"2025-03-30T02:01:44","slug":"jonc-florae","status":"publish","type":"product","link":"https:\/\/kiohra.com\/en\/product\/jonc-florae\/","title":{"rendered":"Florae"},"content":{"rendered":"","protected":false},"excerpt":{"rendered":"<p><strong>Florae<\/strong>\u00a0puise son inspiration dans la force et la sagesse de la nature. Les motifs de feuilles entrelac\u00e9es symbolisent la croissance et la r\u00e9g\u00e9n\u00e9ration, \u00e9voquant les cycles naturels o\u00f9 chaque \u00e9tape de la vie nous m\u00e8ne vers le renouveau et la transformation. Porter <strong>Florae<\/strong>, c\u2019est embrasser la vitalit\u00e9 de la nature et se rappeler que chaque phase de notre existence est essentielle \u00e0 notre qu\u00eate d\u2019\u00e9panouissement.<\/p>\n<p><strong>Mat\u00e9riau :<\/strong> Acier inoxydable<br \/>\n<strong>Couleur :<\/strong> Or<br \/>\n<strong>Fermoir :<\/strong> Syst\u00e8me de fermeture discret par pression \u2013 une encoche permet de refermer le jonc en un seul geste. Il s\u2019embo\u00eete fermement pour assurer confort et s\u00e9curit\u00e9 tout au long de la journ\u00e9e.<br \/>\n<strong>R\u00e9sistance :<\/strong> R\u00e9siste \u00e0 l\u2019eau et ne ternit pas au contact de l\u2019humidit\u00e9.<\/p>","protected":false},"featured_media":2337,"comment_status":"closed","ping_status":"closed","template":"","meta":[],"etheme_brands":[],"product_brand":[],"product_cat":[41],"product_tag":[],"class_list":{"0":"post-2336","1":"product","2":"type-product","3":"status-publish","4":"has-post-thumbnail","6":"product_cat-ines","8":"first","9":"instock","10":"taxable","11":"shipping-taxable","12":"purchasable","13":"product-type-simple"},"_links":{"self":[{"href":"https:\/\/kiohra.com\/en\/wp-json\/wp\/v2\/product\/2336","targetHints":{"allow":["GET"]}}],"collection":[{"href":"https:\/\/kiohra.com\/en\/wp-json\/wp\/v2\/product"}],"about":[{"href":"https:\/\/kiohra.com\/en\/wp-json\/wp\/v2\/types\/product"}],"replies":[{"embeddable":true,"href":"https:\/\/kiohra.com\/en\/wp-json\/wp\/v2\/comments?post=2336"}],"version-history":[{"count":5,"href":"https:\/\/kiohra.com\/en\/wp-json\/wp\/v2\/product\/2336\/revisions"}],"predecessor-version":[{"id":4696,"href":"https:\/\/kiohra.com\/en\/wp-json\/wp\/v2\/product\/2336\/revisions\/4696"}],"wp:featuredmedia":[{"embeddable":true,"href":"https:\/\/kiohra.com\/en\/wp-json\/wp\/v2\/media\/2337"}],"wp:attachment":[{"href":"https:\/\/kiohra.com\/en\/wp-json\/wp\/v2\/media?parent=2336"}],"wp:term":[{"taxonomy":"brand","embeddable":true,"href":"https:\/\/kiohra.com\/en\/wp-json\/wp\/v2\/etheme_brands?post=2336"},{"taxonomy":"product_brand","embeddable":true,"href":"https:\/\/kiohra.com\/en\/wp-json\/wp\/v2\/product_brand?post=2336"},{"taxonomy":"product_cat","embeddable":true,"href":"https:\/\/kiohra.com\/en\/wp-json\/wp\/v2\/product_cat?post=2336"},{"taxonomy":"product_tag","embeddable":true,"href":"https:\/\/kiohra.com\/en\/wp-json\/wp\/v2\/product_tag?post=2336"}],"curies":[{"name":"wp","href":"https:\/\/api.w.org\/{rel}","templated":true}]}}