{"id":2319,"date":"2024-10-04T08:18:09","date_gmt":"2024-10-04T08:18:09","guid":{"rendered":"https:\/\/kiohra.com\/?post_type=product&#038;p=2319"},"modified":"2025-03-31T07:59:24","modified_gmt":"2025-03-31T07:59:24","slug":"jonc-solaris","status":"publish","type":"product","link":"https:\/\/kiohra.com\/en\/product\/jonc-solaris\/","title":{"rendered":"Solaris"},"content":{"rendered":"","protected":false},"excerpt":{"rendered":"<p><strong>Solaris<\/strong> incarne l&rsquo;\u00e9nergie en perp\u00e9tuel mouvement, \u00e0 l&rsquo;image du soleil, source de vie. Ses formes ovales finement sculpt\u00e9es \u00e9voquent le flux constant d&rsquo;une force qui circule, r\u00e9g\u00e9n\u00e8re et \u00e9claire chaque instant de votre parcours. En portant <strong>Solaris<\/strong>, vous vous alignez avec cette \u00e9nergie vibrante et in\u00e9branlable, un rappel que, m\u00eame dans les moments les plus sombres, elle continue de vous guider vers la lumi\u00e8re.<\/p>\n<p><strong>Mat\u00e9riau :<\/strong> Acier inoxydable<br \/>\n<strong>Couleur :<\/strong> Or, or rose, argent<br \/>\n<strong>Fermoir :<\/strong> Syst\u00e8me de fermeture discret par pression \u2013 une encoche permet de refermer le jonc en un seul geste. Il s\u2019embo\u00eete fermement pour assurer confort et s\u00e9curit\u00e9 tout au long de la journ\u00e9e.<br \/>\n<strong>Gravure :<\/strong> Tous nos produits sont grav\u00e9s avec notre signature pour une touche unique et authentique.<br \/>\n<strong>R\u00e9sistance :<\/strong> R\u00e9siste \u00e0 l\u2019eau et ne ternit pas au contact de l\u2019humidit\u00e9.<\/p>","protected":false},"featured_media":2332,"comment_status":"closed","ping_status":"closed","template":"","meta":[],"etheme_brands":[],"product_brand":[],"product_cat":[41],"product_tag":[],"class_list":{"0":"post-2319","1":"product","2":"type-product","3":"status-publish","4":"has-post-thumbnail","6":"product_cat-ines","8":"first","9":"instock","10":"taxable","11":"shipping-taxable","12":"purchasable","13":"product-type-variable","14":"has-default-attributes"},"_links":{"self":[{"href":"https:\/\/kiohra.com\/en\/wp-json\/wp\/v2\/product\/2319","targetHints":{"allow":["GET"]}}],"collection":[{"href":"https:\/\/kiohra.com\/en\/wp-json\/wp\/v2\/product"}],"about":[{"href":"https:\/\/kiohra.com\/en\/wp-json\/wp\/v2\/types\/product"}],"replies":[{"embeddable":true,"href":"https:\/\/kiohra.com\/en\/wp-json\/wp\/v2\/comments?post=2319"}],"version-history":[{"count":6,"href":"https:\/\/kiohra.com\/en\/wp-json\/wp\/v2\/product\/2319\/revisions"}],"predecessor-version":[{"id":4701,"href":"https:\/\/kiohra.com\/en\/wp-json\/wp\/v2\/product\/2319\/revisions\/4701"}],"wp:featuredmedia":[{"embeddable":true,"href":"https:\/\/kiohra.com\/en\/wp-json\/wp\/v2\/media\/2332"}],"wp:attachment":[{"href":"https:\/\/kiohra.com\/en\/wp-json\/wp\/v2\/media?parent=2319"}],"wp:term":[{"taxonomy":"brand","embeddable":true,"href":"https:\/\/kiohra.com\/en\/wp-json\/wp\/v2\/etheme_brands?post=2319"},{"taxonomy":"product_brand","embeddable":true,"href":"https:\/\/kiohra.com\/en\/wp-json\/wp\/v2\/product_brand?post=2319"},{"taxonomy":"product_cat","embeddable":true,"href":"https:\/\/kiohra.com\/en\/wp-json\/wp\/v2\/product_cat?post=2319"},{"taxonomy":"product_tag","embeddable":true,"href":"https:\/\/kiohra.com\/en\/wp-json\/wp\/v2\/product_tag?post=2319"}],"curies":[{"name":"wp","href":"https:\/\/api.w.org\/{rel}","templated":true}]}}