{"id":2240,"date":"2024-09-30T07:35:07","date_gmt":"2024-09-30T07:35:07","guid":{"rendered":"https:\/\/kiohra.com\/?post_type=product&#038;p=2240"},"modified":"2025-03-30T02:04:57","modified_gmt":"2025-03-30T02:04:57","slug":"jonc-zaria","status":"publish","type":"product","link":"https:\/\/kiohra.com\/en\/product\/jonc-zaria\/","title":{"rendered":"Zaria"},"content":{"rendered":"","protected":false},"excerpt":{"rendered":"<p><strong>Zaria<\/strong>, une fleur en pleine \u00e9closion, est une m\u00e9taphore de votre croissance et de votre capacit\u00e9 \u00e0 vous \u00e9panouir m\u00eame dans les circonstances les plus difficiles. Chaque d\u00e9tail de ce jonc incarne la finesse et la r\u00e9silience, rappelant que la v\u00e9ritable beaut\u00e9 se r\u00e9v\u00e8le dans la mani\u00e8re subtile dont vous vous \u00e9levez au-del\u00e0 des \u00e9preuves.<\/p>\n<p><strong>Mat\u00e9riau :<\/strong> Acier inoxydable<br \/>\n<strong>Couleur :<\/strong> Or<br \/>\n<strong>Fermoir :<\/strong> Syst\u00e8me de fermeture discret par pression \u2013 une encoche permet de refermer le jonc en un seul geste. Il s\u2019embo\u00eete fermement pour assurer confort et s\u00e9curit\u00e9 tout au long de la journ\u00e9e.<br \/>\n<strong>Gravure :<\/strong> Tous nos produits sont grav\u00e9s avec notre signature pour une touche unique et authentique.<br \/>\n<strong>R\u00e9sistance :<\/strong> R\u00e9siste \u00e0 l\u2019eau et ne ternit pas au contact de l\u2019humidit\u00e9.<\/p>","protected":false},"featured_media":2328,"comment_status":"open","ping_status":"closed","template":"","meta":[],"etheme_brands":[],"product_brand":[],"product_cat":[40],"product_tag":[],"class_list":{"0":"post-2240","1":"product","2":"type-product","3":"status-publish","4":"has-post-thumbnail","6":"product_cat-elea","8":"first","9":"instock","10":"taxable","11":"shipping-taxable","12":"purchasable","13":"product-type-simple"},"_links":{"self":[{"href":"https:\/\/kiohra.com\/en\/wp-json\/wp\/v2\/product\/2240","targetHints":{"allow":["GET"]}}],"collection":[{"href":"https:\/\/kiohra.com\/en\/wp-json\/wp\/v2\/product"}],"about":[{"href":"https:\/\/kiohra.com\/en\/wp-json\/wp\/v2\/types\/product"}],"replies":[{"embeddable":true,"href":"https:\/\/kiohra.com\/en\/wp-json\/wp\/v2\/comments?post=2240"}],"version-history":[{"count":9,"href":"https:\/\/kiohra.com\/en\/wp-json\/wp\/v2\/product\/2240\/revisions"}],"predecessor-version":[{"id":4700,"href":"https:\/\/kiohra.com\/en\/wp-json\/wp\/v2\/product\/2240\/revisions\/4700"}],"wp:featuredmedia":[{"embeddable":true,"href":"https:\/\/kiohra.com\/en\/wp-json\/wp\/v2\/media\/2328"}],"wp:attachment":[{"href":"https:\/\/kiohra.com\/en\/wp-json\/wp\/v2\/media?parent=2240"}],"wp:term":[{"taxonomy":"brand","embeddable":true,"href":"https:\/\/kiohra.com\/en\/wp-json\/wp\/v2\/etheme_brands?post=2240"},{"taxonomy":"product_brand","embeddable":true,"href":"https:\/\/kiohra.com\/en\/wp-json\/wp\/v2\/product_brand?post=2240"},{"taxonomy":"product_cat","embeddable":true,"href":"https:\/\/kiohra.com\/en\/wp-json\/wp\/v2\/product_cat?post=2240"},{"taxonomy":"product_tag","embeddable":true,"href":"https:\/\/kiohra.com\/en\/wp-json\/wp\/v2\/product_tag?post=2240"}],"curies":[{"name":"wp","href":"https:\/\/api.w.org\/{rel}","templated":true}]}}