{"id":32,"date":"2023-02-17T18:24:51","date_gmt":"2023-02-17T18:24:51","guid":{"rendered":"https:\/\/xstore.8theme.com\/elementor2\/luxury-jewelry\/?page_id=32"},"modified":"2025-09-09T13:15:39","modified_gmt":"2025-09-09T13:15:39","slug":"contact-us","status":"publish","type":"page","link":"https:\/\/kiohra.com\/en\/contact-us\/","title":{"rendered":"Contact us"},"content":{"rendered":"<div data-elementor-type=\"wp-page\" data-elementor-id=\"32\" class=\"elementor elementor-32\" data-elementor-post-type=\"page\">\n\t\t\t\t<div class=\"elementor-element elementor-element-e599d72 e-flex e-con-boxed e-con e-parent\" data-id=\"e599d72\" data-element_type=\"container\" data-e-type=\"container\">\n\t\t\t\t\t<div class=\"e-con-inner\">\n\t\t\t\t<div class=\"elementor-element elementor-element-6a6b030 elementor-widget-mobile__width-inherit etheme-elementor-widget-loaded elementor-widget elementor-widget-heading\" data-id=\"6a6b030\" data-element_type=\"widget\" data-e-type=\"widget\" data-widget_type=\"heading.default\">\n\t\t\t\t<div class=\"elementor-widget-container\">\n\t\t\t\t\t<h2 class=\"elementor-heading-title elementor-size-default\">CONTACTez-NOUS<\/h2>\t\t\t\t<\/div>\n\t\t\t\t<\/div>\n\t\t\t\t<div class=\"elementor-element elementor-element-2ab4759 elementor-widget-mobile__width-inherit elementor-widget__width-initial elementor-widget elementor-widget-text-editor\" data-id=\"2ab4759\" data-element_type=\"widget\" data-e-type=\"widget\" data-widget_type=\"text-editor.default\">\n\t\t\t\t<div class=\"elementor-widget-container\">\n\t\t\t\t\t\t\t\t\t<p class=\"\" data-start=\"267\" data-end=\"363\">Parce qu\u2019un service de qualit\u00e9 commence par une vraie \u00e9coute, on reste disponible pour vous.<\/p><p class=\"\" data-start=\"267\" data-end=\"363\">Une question sur un bijou, un souci avec une commande, ou simplement besoin d\u2019une info ?<\/p><p class=\"\" data-start=\"267\" data-end=\"363\">\u00c9crivez-nous, on vous r\u00e9pond avec attention et clart\u00e9.<\/p><p class=\"\" data-start=\"516\" data-end=\"628\">Chez Kiohra, chaque demande est prise au s\u00e9rieux, parce que votre satisfaction fait partie de nos priorit\u00e9s.<\/p>\t\t\t\t\t\t\t\t<\/div>\n\t\t\t\t<\/div>\n\t\t\t\t<div class=\"elementor-element elementor-element-f08fa70 elementor-widget-mobile__width-inherit elementor-widget__width-initial elementor-widget elementor-widget-text-editor\" data-id=\"f08fa70\" data-element_type=\"widget\" data-e-type=\"widget\" data-widget_type=\"text-editor.default\">\n\t\t\t\t<div class=\"elementor-widget-container\">\n\t\t\t\t\t\t\t\t\t<h3 class=\"\" data-start=\"647\" data-end=\"681\">\u00a0<\/h3><h3 class=\"\" data-start=\"647\" data-end=\"681\"><strong>\u00a0<\/strong><\/h3><h3 class=\"\" data-start=\"647\" data-end=\"681\"><strong style=\"letter-spacing: 0.3px;\">NOUS CONTACTER PAR E-MAIL<\/strong><\/h3><p class=\"\" data-start=\"682\" data-end=\"744\"><a class=\"cursor-pointer\" rel=\"noopener\" data-start=\"684\" data-end=\"702\">support@kiohra.com<\/a><br data-start=\"704\" data-end=\"707\" \/>R\u00e9ponse garantie sous 48h ouvr\u00e9es<\/p><h3 data-start=\"751\" data-end=\"780\">\u00a0<\/h3><h3 class=\"\" data-start=\"751\" data-end=\"780\">\u00a0<\/h3><h3 class=\"\" data-start=\"751\" data-end=\"780\"><strong>AIDE &amp; SERVICE CLIENT<\/strong><\/h3><p class=\"\" data-start=\"781\" data-end=\"953\">Vous cherchez des informations sur votre commande, notre politique de retour ou nos services ?<\/p><p class=\"\" data-start=\"781\" data-end=\"953\"><a href=\"https:\/\/kiohra.com\/en\/faq-foire-aux-questions\/\">Consultez notre section Aide<\/a> \u2014 tout y est, simplement expliqu\u00e9.<\/p><h1 data-start=\"571\" data-end=\"593\"><strong>\u00a0<\/strong><\/h1><h1 data-start=\"571\" data-end=\"593\"><strong>\u00a0<\/strong><\/h1><h3 class=\"\" data-start=\"751\" data-end=\"780\"><strong>NOTRE ADRESSE<\/strong><\/h3><p class=\"\" data-start=\"571\" data-end=\"593\">102 avenue des Champs-\u00c9lys\u00e9es, 75008 Paris<\/p><p class=\"\" data-start=\"594\" data-end=\"640\">\u00a0<\/p>\t\t\t\t\t\t\t\t<\/div>\n\t\t\t\t<\/div>\n\t\t\t\t\t<\/div>\n\t\t\t\t<\/div>\n\t\t\t\t<\/div>","protected":false},"excerpt":{"rendered":"<p>CONTACTez-NOUS Parce qu\u2019un service de qualit\u00e9 commence par une vraie \u00e9coute, on reste disponible pour vous. Une question sur un bijou, un souci avec une&#8230;<\/p>","protected":false},"author":3,"featured_media":0,"parent":0,"menu_order":0,"comment_status":"closed","ping_status":"closed","template":"","meta":{"footnotes":""},"class_list":["post-32","page","type-page","status-publish","hentry"],"_links":{"self":[{"href":"https:\/\/kiohra.com\/en\/wp-json\/wp\/v2\/pages\/32","targetHints":{"allow":["GET"]}}],"collection":[{"href":"https:\/\/kiohra.com\/en\/wp-json\/wp\/v2\/pages"}],"about":[{"href":"https:\/\/kiohra.com\/en\/wp-json\/wp\/v2\/types\/page"}],"author":[{"embeddable":true,"href":"https:\/\/kiohra.com\/en\/wp-json\/wp\/v2\/users\/3"}],"replies":[{"embeddable":true,"href":"https:\/\/kiohra.com\/en\/wp-json\/wp\/v2\/comments?post=32"}],"version-history":[{"count":117,"href":"https:\/\/kiohra.com\/en\/wp-json\/wp\/v2\/pages\/32\/revisions"}],"predecessor-version":[{"id":5723,"href":"https:\/\/kiohra.com\/en\/wp-json\/wp\/v2\/pages\/32\/revisions\/5723"}],"wp:attachment":[{"href":"https:\/\/kiohra.com\/en\/wp-json\/wp\/v2\/media?parent=32"}],"curies":[{"name":"wp","href":"https:\/\/api.w.org\/{rel}","templated":true}]}}