{"id":30,"date":"2023-02-17T18:24:40","date_gmt":"2023-02-17T18:24:40","guid":{"rendered":"https:\/\/xstore.8theme.com\/elementor2\/luxury-jewelry\/?page_id=30"},"modified":"2025-09-10T06:05:24","modified_gmt":"2025-09-10T06:05:24","slug":"about-us","status":"publish","type":"page","link":"https:\/\/kiohra.com\/en\/about-us\/","title":{"rendered":"About us"},"content":{"rendered":"<div data-elementor-type=\"wp-page\" data-elementor-id=\"30\" class=\"elementor elementor-30\" data-elementor-post-type=\"page\">\n\t\t\t\t<div class=\"elementor-element elementor-element-9cd4d9a elementor-hidden-mobile e-flex e-con-boxed e-con e-parent\" data-id=\"9cd4d9a\" data-element_type=\"container\" data-e-type=\"container\">\n\t\t\t\t\t<div class=\"e-con-inner\">\n\t\t\t\t\t<\/div>\n\t\t\t\t<\/div>\n\t\t<div class=\"elementor-element elementor-element-8f3c130 e-con-full e-flex e-con e-parent\" data-id=\"8f3c130\" data-element_type=\"container\" data-e-type=\"container\">\n\t\t<div class=\"elementor-element elementor-element-f8a5949 e-con-full e-flex e-con e-child\" data-id=\"f8a5949\" data-element_type=\"container\" data-e-type=\"container\">\n\t\t\t\t<div class=\"elementor-element elementor-element-563cc60 elementor-widget elementor-widget-image\" data-id=\"563cc60\" data-element_type=\"widget\" data-e-type=\"widget\" data-widget_type=\"image.default\">\n\t\t\t\t<div class=\"elementor-widget-container\">\n\t\t\t\t\t\t\t\t\t\t\t\t\t\t\t<img loading=\"lazy\" decoding=\"async\" width=\"724\" height=\"1024\" src=\"https:\/\/kiohra.com\/wp-content\/uploads\/2025\/09\/DSC8240LLL-724x1024.jpg\" class=\"attachment-large size-large wp-image-5744\" alt=\"\" srcset=\"https:\/\/kiohra.com\/wp-content\/uploads\/2025\/09\/DSC8240LLL-724x1024.jpg 724w, https:\/\/kiohra.com\/wp-content\/uploads\/2025\/09\/DSC8240LLL-212x300.jpg 212w, https:\/\/kiohra.com\/wp-content\/uploads\/2025\/09\/DSC8240LLL-768x1086.jpg 768w, https:\/\/kiohra.com\/wp-content\/uploads\/2025\/09\/DSC8240LLL-1086x1536.jpg 1086w, https:\/\/kiohra.com\/wp-content\/uploads\/2025\/09\/DSC8240LLL-1448x2048.jpg 1448w, https:\/\/kiohra.com\/wp-content\/uploads\/2025\/09\/DSC8240LLL-8x12.jpg 8w, https:\/\/kiohra.com\/wp-content\/uploads\/2025\/09\/DSC8240LLL-600x849.jpg 600w, https:\/\/kiohra.com\/wp-content\/uploads\/2025\/09\/DSC8240LLL-1x1.jpg 1w, https:\/\/kiohra.com\/wp-content\/uploads\/2025\/09\/DSC8240LLL-7x10.jpg 7w, https:\/\/kiohra.com\/wp-content\/uploads\/2025\/09\/DSC8240LLL-scaled.jpg 1810w\" sizes=\"auto, (max-width: 724px) 100vw, 724px\" \/>\t\t\t\t\t\t\t\t\t\t\t\t\t\t\t<\/div>\n\t\t\t\t<\/div>\n\t\t\t\t<\/div>\n\t\t<div class=\"elementor-element elementor-element-e369c0e e-con-full e-flex e-con e-child\" data-id=\"e369c0e\" data-element_type=\"container\" data-e-type=\"container\">\n\t\t\t\t<div class=\"elementor-element elementor-element-9f1e130 elementor-widget__width-initial elementor-widget elementor-widget-text-editor\" data-id=\"9f1e130\" data-element_type=\"widget\" data-e-type=\"widget\" data-widget_type=\"text-editor.default\">\n\t\t\t\t<div class=\"elementor-widget-container\">\n\t\t\t\t\t\t\t\t\t<p>LA MARQUE<\/p>\t\t\t\t\t\t\t\t<\/div>\n\t\t\t\t<\/div>\n\t\t\t\t<div class=\"elementor-element elementor-element-2b3f151 elementor-widget elementor-widget-text-editor\" data-id=\"2b3f151\" data-element_type=\"widget\" data-e-type=\"widget\" data-widget_type=\"text-editor.default\">\n\t\t\t\t<div class=\"elementor-widget-container\">\n\t\t\t\t\t\t\t\t\t<p>Le nom de la marque porte une signification riche de sens.<\/p><p>Le <strong>Ki<\/strong> fait r\u00e9f\u00e9rence au concept de <strong>Chi<\/strong> ou <strong>Qi<\/strong>, l&rsquo;\u00e9nergie vitale qui anime chaque \u00eatre. Cette \u00e9nergie incarne la force int\u00e9rieure, la vitalit\u00e9 et la confiance en soi, essentielles \u00e0 une \u00e9l\u00e9gance v\u00e9ritable.<\/p><p>Le <strong>O<\/strong> symbolise l&rsquo;infini, la compl\u00e9tude et l&rsquo;harmonie, repr\u00e9sent\u00e9es par un cercle parfait, \u00e9vocation de l&rsquo;\u00e9quilibre et de la perfection, des qualit\u00e9s intrins\u00e8ques \u00e0 l&rsquo;\u00e9l\u00e9gance.<\/p><p>Le <strong>H<\/strong> symbolise le souffle de vie, la respiration et l&rsquo;harmonie, rappelant l&rsquo;importance de la s\u00e9r\u00e9nit\u00e9 et de la r\u00e9flexion dans la qu\u00eate de l&rsquo;\u00e9l\u00e9gance.<\/p><p>Le <strong>R<\/strong> incarne la r\u00e9silience, la capacit\u00e9 \u00e0 surmonter les \u00e9preuves avec gr\u00e2ce et dignit\u00e9, une vertu indispensable face aux d\u00e9fis de la vie.<\/p><p>Enfin, le <strong>A<\/strong> repr\u00e9sente l&rsquo;ascension et l&rsquo;excellence.<\/p>\t\t\t\t\t\t\t\t<\/div>\n\t\t\t\t<\/div>\n\t\t\t\t<\/div>\n\t\t\t\t<\/div>\n\t\t<div class=\"elementor-element elementor-element-931c45d e-flex e-con-boxed e-con e-parent\" data-id=\"931c45d\" data-element_type=\"container\" data-e-type=\"container\">\n\t\t\t\t\t<div class=\"e-con-inner\">\n\t\t\t\t\t<\/div>\n\t\t\t\t<\/div>\n\t\t<div class=\"elementor-element elementor-element-555b286 e-flex e-con-boxed e-con e-parent\" data-id=\"555b286\" data-element_type=\"container\" data-e-type=\"container\" data-settings=\"{&quot;background_background&quot;:&quot;classic&quot;}\">\n\t\t\t\t\t<div class=\"e-con-inner\">\n\t\t\t\t<div class=\"elementor-element elementor-element-fc47f5a elementor-widget elementor-widget-text-editor\" data-id=\"fc47f5a\" data-element_type=\"widget\" data-e-type=\"widget\" data-widget_type=\"text-editor.default\">\n\t\t\t\t<div class=\"elementor-widget-container\">\n\t\t\t\t\t\t\t\t\t<p>UNE MARQUE SYMBOLIQUE<\/p>\t\t\t\t\t\t\t\t<\/div>\n\t\t\t\t<\/div>\n\t\t\t\t\t<\/div>\n\t\t\t\t<\/div>\n\t\t<div class=\"elementor-element elementor-element-7d98b49 e-flex e-con-boxed e-con e-parent\" data-id=\"7d98b49\" data-element_type=\"container\" data-e-type=\"container\" data-settings=\"{&quot;background_background&quot;:&quot;classic&quot;}\">\n\t\t\t\t\t<div class=\"e-con-inner\">\n\t\t<div class=\"elementor-element elementor-element-ad55c32 e-con-full e-flex e-con e-child\" data-id=\"ad55c32\" data-element_type=\"container\" data-e-type=\"container\">\n\t\t\t\t<div class=\"elementor-element elementor-element-f68d22c elementor-widget elementor-widget-text-editor\" data-id=\"f68d22c\" data-element_type=\"widget\" data-e-type=\"widget\" data-widget_type=\"text-editor.default\">\n\t\t\t\t<div class=\"elementor-widget-container\">\n\t\t\t\t\t\t\t\t\t<p>Depuis toujours, les bijoux v\u00e9hiculent un message puissant. Ils incarnent des r\u00e9cits de pouvoir, de spiritualit\u00e9 et de moments d\u00e9cisifs. T\u00e9moins d\u2019\u00e9v\u00e9nements marquants comme une naissance, un mariage ou une r\u00e9ussite, ils symbolisent les transformations de la vie. C\u2019est dans cet esprit que les fondatrices de Kiohra, ont trouv\u00e9 leur inspiration.<\/p>\t\t\t\t\t\t\t\t<\/div>\n\t\t\t\t<\/div>\n\t\t\t\t<\/div>\n\t\t<div class=\"elementor-element elementor-element-db3c240 e-con-full e-flex e-con e-child\" data-id=\"db3c240\" data-element_type=\"container\" data-e-type=\"container\">\n\t\t\t\t<div class=\"elementor-element elementor-element-ff89fd1 elementor-widget elementor-widget-text-editor\" data-id=\"ff89fd1\" data-element_type=\"widget\" data-e-type=\"widget\" data-widget_type=\"text-editor.default\">\n\t\t\t\t<div class=\"elementor-widget-container\">\n\t\t\t\t\t\t\t\t\t<p style=\"font-weight: 400;\">Chez Kiohra, chaque jonc est con\u00e7u comme un guide, un t\u00e9moin de ce voyage int\u00e9rieur. Plus qu\u2019un simple accessoire, il rappelle le chemin parcouru et l\u2019\u00e9quilibre retrouv\u00e9. Il immortalise un moment cl\u00e9 de la vie, marque une \u00e9tape professionnelle, un accomplissement personnel ou une transformation int\u00e9rieure. Chaque pi\u00e8ce devient un compagnon silencieux, c\u00e9l\u00e9brant la beaut\u00e9 unique de chaque parcours individuel.<\/p>\t\t\t\t\t\t\t\t<\/div>\n\t\t\t\t<\/div>\n\t\t\t\t<\/div>\n\t\t\t\t\t<\/div>\n\t\t\t\t<\/div>\n\t\t<div class=\"elementor-element elementor-element-aa76fa5 e-flex e-con-boxed e-con e-parent\" data-id=\"aa76fa5\" data-element_type=\"container\" data-e-type=\"container\">\n\t\t\t\t\t<div class=\"e-con-inner\">\n\t\t\t\t\t<\/div>\n\t\t\t\t<\/div>\n\t\t<div class=\"elementor-element elementor-element-5e604a3 e-flex e-con-boxed e-con e-parent\" data-id=\"5e604a3\" data-element_type=\"container\" data-e-type=\"container\">\n\t\t\t\t\t<div class=\"e-con-inner\">\n\t\t<div class=\"elementor-element elementor-element-ed64510 e-con-full e-flex e-con e-child\" data-id=\"ed64510\" data-element_type=\"container\" data-e-type=\"container\">\n\t\t\t\t<div class=\"elementor-element elementor-element-3370a9a elementor-widget__width-initial elementor-widget elementor-widget-text-editor\" data-id=\"3370a9a\" data-element_type=\"widget\" data-e-type=\"widget\" data-widget_type=\"text-editor.default\">\n\t\t\t\t<div class=\"elementor-widget-container\">\n\t\t\t\t\t\t\t\t\t<p>Notre vision<\/p>\t\t\t\t\t\t\t\t<\/div>\n\t\t\t\t<\/div>\n\t\t\t\t<div class=\"elementor-element elementor-element-7c6dc3b elementor-widget elementor-widget-text-editor\" data-id=\"7c6dc3b\" data-element_type=\"widget\" data-e-type=\"widget\" data-widget_type=\"text-editor.default\">\n\t\t\t\t<div class=\"elementor-widget-container\">\n\t\t\t\t\t\t\t\t\t<p style=\"font-weight: 400;\">Chaque bijou incarne une vision qui transcende la finesse du design pour s\u2019ancrer dans une symbolique profonde. Les joncs Kiohra rappellent que l\u2019\u00e9l\u00e9gance v\u00e9ritable na\u00eet de la r\u00e9silience, de la confiance en soi et du d\u00e9veloppement personnel. Porter un jonc Kiohra, c\u2019est affirmer son parcours, se connecter \u00e0 son histoire et \u00e0 celles qui ont pr\u00e9c\u00e9d\u00e9, tout en se projetant vers l\u2019avenir avec confiance.<\/p><p style=\"font-weight: 400;\">\u00a0<\/p>\t\t\t\t\t\t\t\t<\/div>\n\t\t\t\t<\/div>\n\t\t\t\t<\/div>\n\t\t<div class=\"elementor-element elementor-element-bced35a e-con-full e-flex e-con e-child\" data-id=\"bced35a\" data-element_type=\"container\" data-e-type=\"container\">\n\t\t\t\t<div class=\"elementor-element elementor-element-e321e03 elementor-widget elementor-widget-image\" data-id=\"e321e03\" data-element_type=\"widget\" data-e-type=\"widget\" data-widget_type=\"image.default\">\n\t\t\t\t<div class=\"elementor-widget-container\">\n\t\t\t\t\t\t\t\t\t\t\t\t\t\t\t<img loading=\"lazy\" decoding=\"async\" width=\"724\" height=\"1024\" src=\"https:\/\/kiohra.com\/wp-content\/uploads\/2025\/09\/DSC8934LLL-724x1024.jpg\" class=\"attachment-large size-large wp-image-5745\" alt=\"\" srcset=\"https:\/\/kiohra.com\/wp-content\/uploads\/2025\/09\/DSC8934LLL-724x1024.jpg 724w, https:\/\/kiohra.com\/wp-content\/uploads\/2025\/09\/DSC8934LLL-212x300.jpg 212w, https:\/\/kiohra.com\/wp-content\/uploads\/2025\/09\/DSC8934LLL-768x1086.jpg 768w, https:\/\/kiohra.com\/wp-content\/uploads\/2025\/09\/DSC8934LLL-1086x1536.jpg 1086w, https:\/\/kiohra.com\/wp-content\/uploads\/2025\/09\/DSC8934LLL-1448x2048.jpg 1448w, https:\/\/kiohra.com\/wp-content\/uploads\/2025\/09\/DSC8934LLL-8x12.jpg 8w, https:\/\/kiohra.com\/wp-content\/uploads\/2025\/09\/DSC8934LLL-600x849.jpg 600w, https:\/\/kiohra.com\/wp-content\/uploads\/2025\/09\/DSC8934LLL-1x1.jpg 1w, https:\/\/kiohra.com\/wp-content\/uploads\/2025\/09\/DSC8934LLL-7x10.jpg 7w, https:\/\/kiohra.com\/wp-content\/uploads\/2025\/09\/DSC8934LLL-scaled.jpg 1810w\" sizes=\"auto, (max-width: 724px) 100vw, 724px\" \/>\t\t\t\t\t\t\t\t\t\t\t\t\t\t\t<\/div>\n\t\t\t\t<\/div>\n\t\t\t\t<\/div>\n\t\t\t\t\t<\/div>\n\t\t\t\t<\/div>\n\t\t\t\t<\/div>","protected":false},"excerpt":{"rendered":"<p>LA MARQUE Le nom de la marque porte une signification riche de sens. Le Ki fait r\u00e9f\u00e9rence au concept de Chi ou Qi, l&rsquo;\u00e9nergie vitale&#8230;<\/p>","protected":false},"author":3,"featured_media":0,"parent":0,"menu_order":0,"comment_status":"closed","ping_status":"closed","template":"","meta":{"footnotes":""},"class_list":["post-30","page","type-page","status-publish","hentry"],"_links":{"self":[{"href":"https:\/\/kiohra.com\/en\/wp-json\/wp\/v2\/pages\/30","targetHints":{"allow":["GET"]}}],"collection":[{"href":"https:\/\/kiohra.com\/en\/wp-json\/wp\/v2\/pages"}],"about":[{"href":"https:\/\/kiohra.com\/en\/wp-json\/wp\/v2\/types\/page"}],"author":[{"embeddable":true,"href":"https:\/\/kiohra.com\/en\/wp-json\/wp\/v2\/users\/3"}],"replies":[{"embeddable":true,"href":"https:\/\/kiohra.com\/en\/wp-json\/wp\/v2\/comments?post=30"}],"version-history":[{"count":121,"href":"https:\/\/kiohra.com\/en\/wp-json\/wp\/v2\/pages\/30\/revisions"}],"predecessor-version":[{"id":5755,"href":"https:\/\/kiohra.com\/en\/wp-json\/wp\/v2\/pages\/30\/revisions\/5755"}],"wp:attachment":[{"href":"https:\/\/kiohra.com\/en\/wp-json\/wp\/v2\/media?parent=30"}],"curies":[{"name":"wp","href":"https:\/\/api.w.org\/{rel}","templated":true}]}}