{"id":2750,"date":"2024-10-28T07:20:06","date_gmt":"2024-10-28T07:20:06","guid":{"rendered":"https:\/\/kiohra.com\/?page_id=2750"},"modified":"2025-04-02T05:00:34","modified_gmt":"2025-04-02T05:00:34","slug":"politique-de-retours","status":"publish","type":"page","link":"https:\/\/kiohra.com\/en\/politique-de-retours\/","title":{"rendered":"Politique de Retours"},"content":{"rendered":"<div data-elementor-type=\"wp-page\" data-elementor-id=\"2750\" class=\"elementor elementor-2750\" data-elementor-post-type=\"page\">\n\t\t\t\t<div class=\"elementor-element elementor-element-cf7f18a e-flex e-con-boxed e-con e-parent\" data-id=\"cf7f18a\" data-element_type=\"container\" data-e-type=\"container\">\n\t\t\t\t\t<div class=\"e-con-inner\">\n\t\t\t\t<div class=\"elementor-element elementor-element-9127258 elementor-widget-mobile__width-inherit etheme-elementor-widget-loaded elementor-widget elementor-widget-heading\" data-id=\"9127258\" data-element_type=\"widget\" data-e-type=\"widget\" data-widget_type=\"heading.default\">\n\t\t\t\t<div class=\"elementor-widget-container\">\n\t\t\t\t\t<h2 class=\"elementor-heading-title elementor-size-default\">POLITIQUE DE RETOURS<\/h2>\t\t\t\t<\/div>\n\t\t\t\t<\/div>\n\t\t\t\t<div class=\"elementor-element elementor-element-2a2ebc7 elementor-widget__width-initial elementor-widget elementor-widget-text-editor\" data-id=\"2a2ebc7\" data-element_type=\"widget\" data-e-type=\"widget\" data-widget_type=\"text-editor.default\">\n\t\t\t\t<div class=\"elementor-widget-container\">\n\t\t\t\t\t\t\t\t\t<p>Les retours sont accept\u00e9s uniquement en cas de d\u00e9faut ou probl\u00e8me avec le jonc, dans un d\u00e9lai de 30 jours suivant la r\u00e9ception de votre commande. Ce service est disponible pour les commandes en France M\u00e9tropolitaine, Guadeloupe, Martinique et Guyane.<\/p>\t\t\t\t\t\t\t\t<\/div>\n\t\t\t\t<\/div>\n\t\t\t\t<div class=\"elementor-element elementor-element-c84b841 elementor-widget__width-initial elementor-widget elementor-widget-text-editor\" data-id=\"c84b841\" data-element_type=\"widget\" data-e-type=\"widget\" data-widget_type=\"text-editor.default\">\n\t\t\t\t<div class=\"elementor-widget-container\">\n\t\t\t\t\t\t\t\t\t<p>Les frais de retour sont \u00e0 la charge du client.\u00a0<\/p><p>Pour initier un retour :<\/p><p>1. Contactez-nous via notre formulaire de contact ou par email \u00e0 support@kiohra.com. <br \/>2. T\u00e9l\u00e9chargez et imprimez le bon de retour. <br \/>3. Remplissez le bon de retour et placez-le \u00e0 l\u2019int\u00e9rieur du colis. <br \/>4. Affranchissez le colis et envoyez-le \u00e0 l&rsquo;adresse suivante : Kiohra \u2013 102 Avenue des Champs \u00c9lys\u00e9es, 75008 PARIS<\/p>\t\t\t\t\t\t\t\t<\/div>\n\t\t\t\t<\/div>\n\t\t\t\t<div class=\"elementor-element elementor-element-d113799 elementor-widget-mobile__width-inherit etheme-elementor-widget-loaded elementor-widget elementor-widget-heading\" data-id=\"d113799\" data-element_type=\"widget\" data-e-type=\"widget\" data-widget_type=\"heading.default\">\n\t\t\t\t<div class=\"elementor-widget-container\">\n\t\t\t\t\t<h2 class=\"elementor-heading-title elementor-size-default\"><br><br>Echange ou Remboursement<\/h2>\t\t\t\t<\/div>\n\t\t\t\t<\/div>\n\t\t\t\t<div class=\"elementor-element elementor-element-3e0e984 elementor-widget__width-initial elementor-widget elementor-widget-text-editor\" data-id=\"3e0e984\" data-element_type=\"widget\" data-e-type=\"widget\" data-widget_type=\"text-editor.default\">\n\t\t\t\t<div class=\"elementor-widget-container\">\n\t\t\t\t\t\t\t\t\t<p>Les articles retourn\u00e9s peuvent donner lieu \u00e0 :<\/p><p>&#8211; Un \u00e9change, uniquement en cas de d\u00e9faut constat\u00e9, et sous r\u00e9serve de disponibilit\u00e9 en stock.<\/p><p>&#8211; Un remboursement, dans un d\u00e9lai de 14 jours \u00e0 compter de la r\u00e9ception de l\u2019article retourn\u00e9.<\/p><p>Le remboursement sera effectu\u00e9 via le mode de paiement utilis\u00e9 lors de la commande, et vers le compte de la personne ayant effectu\u00e9 le paiement. Dans le cas d\u2019un paiement par carte bancaire ou PayPal, le montant sera automatiquement recr\u00e9dit\u00e9 sur le compte associ\u00e9. Le traitement du remboursement interviendra dans un d\u00e9lai maximum de 14 jours apr\u00e8s r\u00e9ception et v\u00e9rification de l\u2019article retourn\u00e9.<\/p>\t\t\t\t\t\t\t\t<\/div>\n\t\t\t\t<\/div>\n\t\t\t\t<div class=\"elementor-element elementor-element-e53bdd7 elementor-widget-mobile__width-inherit etheme-elementor-widget-loaded elementor-widget elementor-widget-heading\" data-id=\"e53bdd7\" data-element_type=\"widget\" data-e-type=\"widget\" data-widget_type=\"heading.default\">\n\t\t\t\t<div class=\"elementor-widget-container\">\n\t\t\t\t\t<h2 class=\"elementor-heading-title elementor-size-default\"><br><br>Conditions de Retour<\/h2>\t\t\t\t<\/div>\n\t\t\t\t<\/div>\n\t\t\t\t<div class=\"elementor-element elementor-element-cee6447 elementor-widget__width-initial elementor-widget elementor-widget-text-editor\" data-id=\"cee6447\" data-element_type=\"widget\" data-e-type=\"widget\" data-widget_type=\"text-editor.default\">\n\t\t\t\t<div class=\"elementor-widget-container\">\n\t\t\t\t\t\t\t\t\t<p>Pour \u00eatre \u00e9ligible \u00e0 un remboursement ou un \u00e9change, le produit retourn\u00e9 doit :<\/p><p>&#8211; \u00catre r\u00e9solument neuf et non port\u00e9. <br \/>&#8211; \u00catre retourn\u00e9 dans son emballage d\u2019origine intact, avec tous les accessoires fournis (\u00e9crin, pochette, etc.).<\/p><p>Tout produit incomplet, endommag\u00e9 ou retourn\u00e9 sans ses accessoires ne pourra \u00eatre rembours\u00e9 ou \u00e9chang\u00e9.<\/p>\t\t\t\t\t\t\t\t<\/div>\n\t\t\t\t<\/div>\n\t\t\t\t<div class=\"elementor-element elementor-element-f81e012 elementor-widget-mobile__width-inherit etheme-elementor-widget-loaded elementor-widget elementor-widget-heading\" data-id=\"f81e012\" data-element_type=\"widget\" data-e-type=\"widget\" data-widget_type=\"heading.default\">\n\t\t\t\t<div class=\"elementor-widget-container\">\n\t\t\t\t\t<h2 class=\"elementor-heading-title elementor-size-default\"><br><br>Cas Particuliers<\/h2>\t\t\t\t<\/div>\n\t\t\t\t<\/div>\n\t\t\t\t<div class=\"elementor-element elementor-element-ebffd19 elementor-widget__width-initial elementor-widget elementor-widget-text-editor\" data-id=\"ebffd19\" data-element_type=\"widget\" data-e-type=\"widget\" data-widget_type=\"text-editor.default\">\n\t\t\t\t<div class=\"elementor-widget-container\">\n\t\t\t\t\t\t\t\t\t<p>Si vous retournez un produit achet\u00e9 avec un article offert, l\u2019ensemble des articles (produit achet\u00e9 + article offert) doit \u00eatre retourn\u00e9.<\/p><p>Seuls les achats effectu\u00e9s sur le site www.kiohra.com peuvent faire l\u2019objet d\u2019un retour via notre proc\u00e9dure.<\/p>\t\t\t\t\t\t\t\t<\/div>\n\t\t\t\t<\/div>\n\t\t\t\t\t<\/div>\n\t\t\t\t<\/div>\n\t\t\t\t<\/div>","protected":false},"excerpt":{"rendered":"<p>POLITIQUE DE RETOURS Les retours sont accept\u00e9s uniquement en cas de d\u00e9faut ou probl\u00e8me avec le jonc, dans un d\u00e9lai de 30 jours suivant la&#8230;<\/p>","protected":false},"author":3,"featured_media":0,"parent":0,"menu_order":0,"comment_status":"closed","ping_status":"closed","template":"","meta":{"footnotes":""},"class_list":["post-2750","page","type-page","status-publish","hentry"],"_links":{"self":[{"href":"https:\/\/kiohra.com\/en\/wp-json\/wp\/v2\/pages\/2750","targetHints":{"allow":["GET"]}}],"collection":[{"href":"https:\/\/kiohra.com\/en\/wp-json\/wp\/v2\/pages"}],"about":[{"href":"https:\/\/kiohra.com\/en\/wp-json\/wp\/v2\/types\/page"}],"author":[{"embeddable":true,"href":"https:\/\/kiohra.com\/en\/wp-json\/wp\/v2\/users\/3"}],"replies":[{"embeddable":true,"href":"https:\/\/kiohra.com\/en\/wp-json\/wp\/v2\/comments?post=2750"}],"version-history":[{"count":55,"href":"https:\/\/kiohra.com\/en\/wp-json\/wp\/v2\/pages\/2750\/revisions"}],"predecessor-version":[{"id":5557,"href":"https:\/\/kiohra.com\/en\/wp-json\/wp\/v2\/pages\/2750\/revisions\/5557"}],"wp:attachment":[{"href":"https:\/\/kiohra.com\/en\/wp-json\/wp\/v2\/media?parent=2750"}],"curies":[{"name":"wp","href":"https:\/\/api.w.org\/{rel}","templated":true}]}}