{"id":2732,"date":"2024-10-28T06:11:50","date_gmt":"2024-10-28T06:11:50","guid":{"rendered":"https:\/\/kiohra.com\/?page_id=2732"},"modified":"2025-04-02T02:18:04","modified_gmt":"2025-04-02T02:18:04","slug":"politique-de-livraison","status":"publish","type":"page","link":"https:\/\/kiohra.com\/en\/politique-de-livraison\/","title":{"rendered":"Politique de livraison"},"content":{"rendered":"<div data-elementor-type=\"wp-page\" data-elementor-id=\"2732\" class=\"elementor elementor-2732\" data-elementor-post-type=\"page\">\n\t\t\t\t<div class=\"elementor-element elementor-element-5dc7612 e-con-full e-flex e-con e-parent\" data-id=\"5dc7612\" data-element_type=\"container\" data-e-type=\"container\">\n\t\t\t\t<div class=\"elementor-element elementor-element-a3bdc13 elementor-widget-mobile__width-inherit etheme-elementor-widget-loaded elementor-widget elementor-widget-heading\" data-id=\"a3bdc13\" data-element_type=\"widget\" data-e-type=\"widget\" data-widget_type=\"heading.default\">\n\t\t\t\t<div class=\"elementor-widget-container\">\n\t\t\t\t\t<h2 class=\"elementor-heading-title elementor-size-default\">politique de livraison<\/h2>\t\t\t\t<\/div>\n\t\t\t\t<\/div>\n\t\t\t\t<div class=\"elementor-element elementor-element-2fbe49d elementor-widget-mobile__width-inherit elementor-widget elementor-widget-text-editor\" data-id=\"2fbe49d\" data-element_type=\"widget\" data-e-type=\"widget\" data-widget_type=\"text-editor.default\">\n\t\t\t\t<div class=\"elementor-widget-container\">\n\t\t\t\t\t\t\t\t\t<p><strong>Profitez de la livraison offerte d\u00e8s 59 \u20ac d&rsquo;achat !<\/strong><br \/>Pour toute commande inf\u00e9rieure \u00e0 ce montant, les frais de livraison sont fix\u00e9s \u00e0 seulement 4,99 \u20ac, quelle que soit la destination o\u00f9 nous livrons.<\/p>\t\t\t\t\t\t\t\t<\/div>\n\t\t\t\t<\/div>\n\t\t\t\t<div class=\"elementor-element elementor-element-3c34502 elementor-widget-mobile__width-inherit elementor-widget elementor-widget-text-editor\" data-id=\"3c34502\" data-element_type=\"widget\" data-e-type=\"widget\" data-widget_type=\"text-editor.default\">\n\t\t\t\t<div class=\"elementor-widget-container\">\n\t\t\t\t\t\t\t\t\t<p><b>\u00a0<\/b><br \/>Toutes nos livraisons sont effectu\u00e9es exclusivement via Colissimo, garantissant un service fiable et s\u00e9curis\u00e9. Nous livrons uniquement dans les zones suivantes :<\/p><p>\u00b7 France m\u00e9tropolitaine <br \/>\u00b7\u00a0Guadeloupe <br \/>\u00b7\u00a0Martinique <br \/>\u00b7\u00a0Guyane fran\u00e7aise <br \/><br \/><b><\/b><\/p>\t\t\t\t\t\t\t\t<\/div>\n\t\t\t\t<\/div>\n\t\t\t\t<div class=\"elementor-element elementor-element-3dd9cfd elementor-widget-mobile__width-inherit elementor-widget-tablet__width-initial etheme-elementor-widget-loaded elementor-widget elementor-widget-heading\" data-id=\"3dd9cfd\" data-element_type=\"widget\" data-e-type=\"widget\" data-widget_type=\"heading.default\">\n\t\t\t\t<div class=\"elementor-widget-container\">\n\t\t\t\t\t<h2 class=\"elementor-heading-title elementor-size-default\">D\u00e9lais de livraison<\/h2>\t\t\t\t<\/div>\n\t\t\t\t<\/div>\n\t\t\t\t<div class=\"elementor-element elementor-element-d38ec3a elementor-widget-mobile__width-inherit elementor-widget elementor-widget-text-editor\" data-id=\"d38ec3a\" data-element_type=\"widget\" data-e-type=\"widget\" data-widget_type=\"text-editor.default\">\n\t\t\t\t<div class=\"elementor-widget-container\">\n\t\t\t\t\t\t\t\t\t<p>\u00b7\u00a0France m\u00e9tropolitaine : 3 \u00e0 5 jours ouvr\u00e9s<\/p><p>\u00b7\u00a0Guadeloupe, Martinique, Guyane : 7 \u00e0 10 jours ouvr\u00e9s<\/p><p>Les commandes sont pr\u00e9par\u00e9es et exp\u00e9di\u00e9es sous 72 heures ouvr\u00e9es apr\u00e8s validation du paiement. Les commandes sont trait\u00e9es du lundi au vendredi (hors jours f\u00e9ri\u00e9s). En p\u00e9riode de forte activit\u00e9 (soldes, Black Friday, etc.), les d\u00e9lais peuvent \u00eatre allong\u00e9s. En cas de retard ind\u00e9pendant de notre volont\u00e9, nous vous informerons rapidement et fixerons une nouvelle date de livraison.<\/p>\t\t\t\t\t\t\t\t<\/div>\n\t\t\t\t<\/div>\n\t\t\t\t<div class=\"elementor-element elementor-element-61fb178 elementor-widget-mobile__width-inherit elementor-widget-tablet__width-initial etheme-elementor-widget-loaded elementor-widget elementor-widget-heading\" data-id=\"61fb178\" data-element_type=\"widget\" data-e-type=\"widget\" data-widget_type=\"heading.default\">\n\t\t\t\t<div class=\"elementor-widget-container\">\n\t\t\t\t\t<h2 class=\"elementor-heading-title elementor-size-default\"><br>Suivi de commande<\/h2>\t\t\t\t<\/div>\n\t\t\t\t<\/div>\n\t\t\t\t<div class=\"elementor-element elementor-element-6960ec7 elementor-widget-mobile__width-inherit elementor-widget elementor-widget-text-editor\" data-id=\"6960ec7\" data-element_type=\"widget\" data-e-type=\"widget\" data-widget_type=\"text-editor.default\">\n\t\t\t\t<div class=\"elementor-widget-container\">\n\t\t\t\t\t\t\t\t\t<p>Une fois votre commande exp\u00e9di\u00e9e, vous recevrez un email de confirmation avec un num\u00e9ro de suivi. Vous pourrez suivre l\u2019\u00e9tat de votre colis sur le site de Colissimo \u00e0 partir du lendemain de l\u2019exp\u00e9dition.<\/p>\t\t\t\t\t\t\t\t<\/div>\n\t\t\t\t<\/div>\n\t\t\t\t<div class=\"elementor-element elementor-element-99d15d7 elementor-widget-mobile__width-inherit elementor-widget-tablet__width-initial etheme-elementor-widget-loaded elementor-widget elementor-widget-heading\" data-id=\"99d15d7\" data-element_type=\"widget\" data-e-type=\"widget\" data-widget_type=\"heading.default\">\n\t\t\t\t<div class=\"elementor-widget-container\">\n\t\t\t\t\t<h2 class=\"elementor-heading-title elementor-size-default\"><br>R\u00e9ception du Colis<\/h2>\t\t\t\t<\/div>\n\t\t\t\t<\/div>\n\t\t\t\t<div class=\"elementor-element elementor-element-5219111 elementor-widget-mobile__width-inherit elementor-widget elementor-widget-text-editor\" data-id=\"5219111\" data-element_type=\"widget\" data-e-type=\"widget\" data-widget_type=\"text-editor.default\">\n\t\t\t\t<div class=\"elementor-widget-container\">\n\t\t\t\t\t\t\t\t\t<p>\u00c0 la r\u00e9ception du colis, nous vous recommandons de v\u00e9rifier l\u2019\u00e9tat de l\u2019emballage. En cas de dommage constat\u00e9 :<\/p><p>\u00b7\u00a0Refusez le colis aupr\u00e8s du transporteur. <br \/>\u00b7 Contactez-nous imm\u00e9diatement via <a href=\"mailto:support@kiohra.com\">support@kiohra.com<\/a> afin que nous puissions traiter le probl\u00e8me dans les meilleurs d\u00e9lais.<\/p>\t\t\t\t\t\t\t\t<\/div>\n\t\t\t\t<\/div>\n\t\t\t\t<\/div>\n\t\t\t\t<\/div>","protected":false},"excerpt":{"rendered":"<p>politique de livraison Profitez de la livraison offerte d\u00e8s 59 \u20ac d&rsquo;achat !Pour toute commande inf\u00e9rieure \u00e0 ce montant, les frais de livraison sont fix\u00e9s&#8230;<\/p>","protected":false},"author":3,"featured_media":0,"parent":0,"menu_order":0,"comment_status":"closed","ping_status":"closed","template":"","meta":{"footnotes":""},"class_list":["post-2732","page","type-page","status-publish","hentry"],"_links":{"self":[{"href":"https:\/\/kiohra.com\/en\/wp-json\/wp\/v2\/pages\/2732","targetHints":{"allow":["GET"]}}],"collection":[{"href":"https:\/\/kiohra.com\/en\/wp-json\/wp\/v2\/pages"}],"about":[{"href":"https:\/\/kiohra.com\/en\/wp-json\/wp\/v2\/types\/page"}],"author":[{"embeddable":true,"href":"https:\/\/kiohra.com\/en\/wp-json\/wp\/v2\/users\/3"}],"replies":[{"embeddable":true,"href":"https:\/\/kiohra.com\/en\/wp-json\/wp\/v2\/comments?post=2732"}],"version-history":[{"count":61,"href":"https:\/\/kiohra.com\/en\/wp-json\/wp\/v2\/pages\/2732\/revisions"}],"predecessor-version":[{"id":5481,"href":"https:\/\/kiohra.com\/en\/wp-json\/wp\/v2\/pages\/2732\/revisions\/5481"}],"wp:attachment":[{"href":"https:\/\/kiohra.com\/en\/wp-json\/wp\/v2\/media?parent=2732"}],"curies":[{"name":"wp","href":"https:\/\/api.w.org\/{rel}","templated":true}]}}