{"id":16,"date":"2023-02-17T18:16:55","date_gmt":"2023-02-17T18:16:55","guid":{"rendered":"https:\/\/xstore.8theme.com\/elementor2\/luxury-jewelry\/cart\/"},"modified":"2025-03-31T10:17:28","modified_gmt":"2025-03-31T10:17:28","slug":"cart","status":"publish","type":"page","link":"https:\/\/kiohra.com\/en\/cart\/","title":{"rendered":"Cart"},"content":{"rendered":"<div data-elementor-type=\"wp-page\" data-elementor-id=\"16\" class=\"elementor elementor-16\" data-elementor-post-type=\"page\">\n\t\t\t\t\t\t<section class=\"elementor-section elementor-top-section elementor-element elementor-element-3d92e9e2 elementor-section-full_width elementor-section-height-default elementor-section-height-default\" data-id=\"3d92e9e2\" data-element_type=\"section\" data-e-type=\"section\">\n\t\t\t\t\t\t<div class=\"elementor-container elementor-column-gap-default\">\n\t\t\t\t\t<div class=\"elementor-column elementor-col-100 elementor-top-column elementor-element elementor-element-79ade5fb\" data-id=\"79ade5fb\" data-element_type=\"column\" data-e-type=\"column\">\n\t\t\t<div class=\"elementor-widget-wrap elementor-element-populated\">\n\t\t\t\t\t\t\t<\/div>\n\t\t<\/div>\n\t\t\t\t\t<\/div>\n\t\t<\/section>\n\t\t\t\t<\/div>","protected":false},"excerpt":{"rendered":"<p>Produit Prix Quantit\u00e9 Odyss\u00e9e Odyss\u00e9e quantity 12345 &times;&nbsp;30&nbsp;&euro; 30&nbsp;&euro; quantit\u00e9 de Odyss\u00e9e Althea Althea quantity 12345 &times;&nbsp;32&nbsp;&euro; 32&nbsp;&euro; quantit\u00e9 de Althea Iskra Iskra quantity 12345&#8230;<\/p>","protected":false},"author":3,"featured_media":0,"parent":0,"menu_order":0,"comment_status":"closed","ping_status":"closed","template":"elementor_canvas","meta":{"footnotes":""},"class_list":["post-16","page","type-page","status-publish","hentry"],"_links":{"self":[{"href":"https:\/\/kiohra.com\/en\/wp-json\/wp\/v2\/pages\/16","targetHints":{"allow":["GET"]}}],"collection":[{"href":"https:\/\/kiohra.com\/en\/wp-json\/wp\/v2\/pages"}],"about":[{"href":"https:\/\/kiohra.com\/en\/wp-json\/wp\/v2\/types\/page"}],"author":[{"embeddable":true,"href":"https:\/\/kiohra.com\/en\/wp-json\/wp\/v2\/users\/3"}],"replies":[{"embeddable":true,"href":"https:\/\/kiohra.com\/en\/wp-json\/wp\/v2\/comments?post=16"}],"version-history":[{"count":76,"href":"https:\/\/kiohra.com\/en\/wp-json\/wp\/v2\/pages\/16\/revisions"}],"predecessor-version":[{"id":5281,"href":"https:\/\/kiohra.com\/en\/wp-json\/wp\/v2\/pages\/16\/revisions\/5281"}],"wp:attachment":[{"href":"https:\/\/kiohra.com\/en\/wp-json\/wp\/v2\/media?parent=16"}],"curies":[{"name":"wp","href":"https:\/\/api.w.org\/{rel}","templated":true}]}}